{"id":2,"date":"2022-12-20T16:27:12","date_gmt":"2022-12-20T16:27:12","guid":{"rendered":"http:\/\/babel.isa.uma.es\/rollgrip\/?page_id=2"},"modified":"2024-01-18T11:36:44","modified_gmt":"2024-01-18T11:36:44","slug":"sample-page","status":"publish","type":"page","link":"https:\/\/babel.isa.uma.es\/rollgrip\/","title":{"rendered":"RollGrip research project"},"content":{"rendered":"\n<p>This project addresses the implementation of a demonstrator of a robotic hand with rolling fingers for its application in diverse industrial tasks.<\/p>\n\n\n<div class=\"flexslider ewic-slider-lite is_on_\" id=\"ewic-con-8469f8787bb758e\"><style>#ewic-con-8469f8787bb758e .flex-direction-nav .flex-next, #ewic-con-8469f8787bb758e .flex-direction-nav .flex-prev {opacity: 1;} #ewic-con-8469f8787bb758e .flex-direction-nav .flex-next {right: 10px !important; text-align: right !important;} #ewic-con-8469f8787bb758e .flex-direction-nav .flex-prev {left: 10px !important;}<\/style><div id=\"preloader-8469f8787bb758e\" class=\"sliderpreloader\"><\/div><ul style=\"display:none;\" class=\"slides flexslider-8469f8787bb758e\"><li class=\"ewic-slider\"><a href=\"https:\/\/babel.isa.uma.es\/rollgrip\/wp-content\/uploads\/2023\/02\/FpBm3eIWABASa5a.jpeg\" title=\"Foro Transfiere 2023\" rel=\"ewicprettyPhoto[8469f8787bb758e]\"><img title=\"Foro Transfiere 2023\" class=\"ewic-wid-imgs\" src=\"https:\/\/babel.isa.uma.es\/rollgrip\/wp-content\/uploads\/2023\/02\/FpBm3eIWABASa5a.jpeg\" \/><p class=\"flex-caption\">Foro Transfiere 2023<\/p><\/a><\/li><li class=\"ewic-slider\"><a href=\"https:\/\/babel.isa.uma.es\/rollgrip\/wp-content\/uploads\/2023\/02\/f9927b3e-ec69-410e-9052-4803e3411bee_16-9-discover-aspect-ratio_default_0.jpg\" title=\"Foro Transfiere 2023\" rel=\"ewicprettyPhoto[8469f8787bb758e]\"><img title=\"Foro Transfiere 2023\" class=\"ewic-wid-imgs\" src=\"https:\/\/babel.isa.uma.es\/rollgrip\/wp-content\/uploads\/2023\/02\/f9927b3e-ec69-410e-9052-4803e3411bee_16-9-discover-aspect-ratio_default_0.jpg\" \/><p class=\"flex-caption\">Foro Transfiere 2023<\/p><\/a><\/li><li class=\"ewic-slider\"><a href=\"https:\/\/babel.isa.uma.es\/rollgrip\/wp-content\/uploads\/2023\/02\/FpBx3xpWcAE6afq.jpeg\" title=\"Foro Transfiere 2023\" rel=\"ewicprettyPhoto[8469f8787bb758e]\"><img title=\"Foro Transfiere 2023\" class=\"ewic-wid-imgs\" src=\"https:\/\/babel.isa.uma.es\/rollgrip\/wp-content\/uploads\/2023\/02\/FpBx3xpWcAE6afq.jpeg\" \/><p class=\"flex-caption\">Foro Transfiere 2023<\/p><\/a><\/li><li class=\"ewic-slider\"><a href=\"https:\/\/babel.isa.uma.es\/rollgrip\/wp-content\/uploads\/2023\/02\/IMG_1262.jpg\" title=\"Foro Transfiere 2023\" rel=\"ewicprettyPhoto[8469f8787bb758e]\"><img title=\"Foro Transfiere 2023\" class=\"ewic-wid-imgs\" src=\"https:\/\/babel.isa.uma.es\/rollgrip\/wp-content\/uploads\/2023\/02\/IMG_1262.jpg\" \/><p class=\"flex-caption\">Foro Transfiere 2023<\/p><\/a><\/li><li class=\"ewic-slider\"><a href=\"https:\/\/babel.isa.uma.es\/rollgrip\/wp-content\/uploads\/2023\/04\/WhatsApp-Image-2023-04-14-at-11.27.47.jpeg\" title=\"&quot;On Industry&quot; Forum 2023\" rel=\"ewicprettyPhoto[8469f8787bb758e]\"><img title=\"&quot;On Industry&quot; Forum 2023\" class=\"ewic-wid-imgs\" src=\"https:\/\/babel.isa.uma.es\/rollgrip\/wp-content\/uploads\/2023\/04\/WhatsApp-Image-2023-04-14-at-11.27.47.jpeg\" \/><p class=\"flex-caption\">&quot;On Industry&quot; Forum 2023<\/p><\/a><\/li><li class=\"ewic-slider\"><a href=\"https:\/\/babel.isa.uma.es\/rollgrip\/wp-content\/uploads\/2023\/04\/WhatsApp-Image-2023-04-14-at-11.27.46.jpeg\" title=\"&quot;On Industry&quot; Forum 2023\" rel=\"ewicprettyPhoto[8469f8787bb758e]\"><img title=\"&quot;On Industry&quot; Forum 2023\" class=\"ewic-wid-imgs\" src=\"https:\/\/babel.isa.uma.es\/rollgrip\/wp-content\/uploads\/2023\/04\/WhatsApp-Image-2023-04-14-at-11.27.46.jpeg\" \/><p class=\"flex-caption\">&quot;On Industry&quot; Forum 2023<\/p><\/a><\/li><li class=\"ewic-slider\"><a href=\"https:\/\/babel.isa.uma.es\/rollgrip\/wp-content\/uploads\/2023\/04\/miniatura.png\" title=\"&quot;On Industry&quot; Forum 2023\" rel=\"ewicprettyPhoto[8469f8787bb758e]\"><img title=\"&quot;On Industry&quot; Forum 2023\" class=\"ewic-wid-imgs\" src=\"https:\/\/babel.isa.uma.es\/rollgrip\/wp-content\/uploads\/2023\/04\/miniatura.png\" \/><p class=\"flex-caption\">&quot;On Industry&quot; Forum 2023<\/p><\/a><\/li><li class=\"ewic-slider\"><a href=\"https:\/\/babel.isa.uma.es\/rollgrip\/wp-content\/uploads\/2023\/09\/1694771479977.gif\" title=\"Presenting Our Robotnik Awarded Paper In Jornadas De Autom\u00e1tica 2023\" rel=\"ewicprettyPhoto[8469f8787bb758e]\"><img title=\"Presenting Our Robotnik Awarded Paper In Jornadas De Autom\u00e1tica 2023\" class=\"ewic-wid-imgs\" src=\"https:\/\/babel.isa.uma.es\/rollgrip\/wp-content\/uploads\/2023\/09\/1694771479977.gif\" \/><p class=\"flex-caption\">Presenting Our Robotnik Awarded Paper In Jornadas De Autom\u00e1tica 2023<\/p><\/a><\/li><li class=\"ewic-slider\"><a href=\"https:\/\/babel.isa.uma.es\/rollgrip\/wp-content\/uploads\/2024\/03\/untitled-f002886.png\" title=\"Foro Transfiere 2024\" rel=\"ewicprettyPhoto[8469f8787bb758e]\"><img title=\"Foro Transfiere 2024\" class=\"ewic-wid-imgs\" src=\"https:\/\/babel.isa.uma.es\/rollgrip\/wp-content\/uploads\/2024\/03\/untitled-f002886.png\" \/><p class=\"flex-caption\">Foro Transfiere 2024<\/p><\/a><\/li><li class=\"ewic-slider\"><a href=\"https:\/\/babel.isa.uma.es\/rollgrip\/wp-content\/uploads\/2024\/03\/untitled-f010034.png\" title=\"Foro Transfiere 2024\" rel=\"ewicprettyPhoto[8469f8787bb758e]\"><img title=\"Foro Transfiere 2024\" class=\"ewic-wid-imgs\" src=\"https:\/\/babel.isa.uma.es\/rollgrip\/wp-content\/uploads\/2024\/03\/untitled-f010034.png\" \/><p class=\"flex-caption\">Foro Transfiere 2024<\/p><\/a><\/li><\/ul><script type=\"text\/javascript\">\r\n\tjQuery(document).ready(function($) {\r\n\t\t\r\n\t\t$(\"#preloader-8469f8787bb758e\").fadeOut(500, function () {\r\n\t\t\t\r\n\t\t\t$(\"#ewic-con-8469f8787bb758e\").addClass(\"ready_to_show\");\r\n\t\t\t\r\n\t\t\t$(\"a[rel^='ewicprettyPhoto[8469f8787bb758e]']\").ewcPhoto({\r\n\t\t\t\ttheme: \"ewc_default\",\r\n\t\t\t\tallow_expand: false,\r\n\t\t\t\tdeeplinking: false,\r\n\t\t\t\tslideshow:5000,\r\n\t\t\t\tautoplay_slideshow:true,\r\n\t\t\t\tsocial_tools:false\r\n\t\t\t});\r\n\t\t\t\r\n\t\t\t$(\".flexslider-8469f8787bb758e\").fadeIn(300);\r\n\t\t\t\r\n\t\t\t$(\"#ewic-con-8469f8787bb758e\").flexslider({\r\n\t\t\t\tanimation: \"slide\",\r\n\t\t\t\tanimationSpeed: 0,\r\n\t\t\t\tuseCSS: false,\r\n\t\t\t\teasing: \"easeInQuad\",\r\n\t\t\t\tdirection: \"horizontal\",\r\n\t\t\t\tslideshow: true,\r\n\t\t\t\tsmoothHeight: true,\r\n\t\t\t\tpauseOnHover: true, \r\n\t\t\t\tcontrolNav: false,\r\n\t\t\t\tprevText: \"\",\r\n\t\t\t\tnextText: \"\",\r\n\t\t\t\trtl: false,\r\n\t\t\t\tslideshowSpeed: 3000,\r\n\t\t\t\tstart: function(slider){\r\n\t\t\t\t\t$(\"#ewic-con-8469f8787bb758e\").find(\".flex-caption\").hide();\r\n\t\t\t\t\tvar curSlide = slider.find(\"li.flex-active-slide\");\r\n\t\t\t\t\t$(curSlide).find(\".flex-caption\").slideDown();\r\n\t\t\t\t},\r\n\t\t\t\tbefore: function(slider) {\r\n\t\t\t\t\t$(\"#ewic-con-8469f8787bb758e\").find(\".flex-caption\").slideUp();\r\n\t\t\t\t},\r\n\t\t\t\tafter: function(slider) {\r\n\t\t\t\t\tvar curSlide = slider.find(\"li.flex-active-slide\");\r\n\t\t\t\t\t$(curSlide).find(\".flex-caption\").slideDown();\r\n\t\t\t\t}\r\n\t\t\t\t\r\n\t\t\t});\r\n\t\t\t\r\n\t\t});\r\n\t\t\t\r\n\t});\r\n<\/script><\/div>\r\n\n\n<div class=\"wp-block-image\">\n<figure class=\"aligncenter size-full\"><img decoding=\"async\" loading=\"lazy\" width=\"583\" height=\"146\" src=\"https:\/\/babel.isa.uma.es\/rollgrip\/wp-content\/uploads\/2024\/01\/LOGOS.jpg\" alt=\"\" class=\"wp-image-101\"\/><\/figure><\/div>\n\n\n<div class=\"is-layout-flow wp-block-group has-black-color has-text-color has-background\" style=\"background-color:#f8f4ed\"><div class=\"wp-block-group__inner-container\">\n<p><strong>REFERENCE<\/strong>: AT21-00051<\/p>\n\n\n\n<p><strong>TITLE<\/strong>: Demostrador de aplicaciones de manos rob\u00f3ticas con dedos  giratorios \/ Demonstrator for robotic hands with rolling fingers<\/p>\n\n\n\n<p><strong>PRINCIPAL RESEARCHERS<\/strong>: Dr. Jes\u00fas-M. G\u00f3mez-de-Gabriel, Dr. Juan-Antonio Fern\u00e1ndez-Madrigal<\/p>\n\n\n\n<p><strong>FUNDING<\/strong>: JUNTA DE ANDALUC\u00cdA (regional government) &#8211; Fondos FEDER (ERDF EU funds).<\/p>\n\n\n\n<p><strong>DEPARTMENT<\/strong>: Systems Engineering and Automation, University of M\u00e1laga (Spain)<\/p>\n\n\n\n<p><strong>DATES<\/strong>: 01\/03\/22 til <s>28\/02\/23<\/s> 31\/05\/23<\/p>\n<\/div><\/div>\n\n\n\n<p><\/p>\n\n\n\n<p><strong>TEAM<\/strong>:<\/p>\n\n\n\n<ul>\n<li>Dr. Jes\u00fas-M. G\u00f3mez-de-Gabriel (PI)<\/li>\n\n\n\n<li>Dr. Juan-Antonio Fern\u00e1ndez-Madrigal (PI)<\/li>\n\n\n\n<li>Dr. \u00d3scar-David de-C\u00f3zar-Mac\u00edas<\/li>\n\n\n\n<li>Dr. Cristina Urdiales-Garc\u00eda<\/li>\n<\/ul>\n\n\n\n<p><strong>INSTITUTIONAL INFORMATION:<\/strong><\/p>\n\n\n\n<p><em>Proyecto de Investigaci\u00f3n en el marco del Plan Andaluz de Investigaci\u00f3n, Desarrollo e Innovaci\u00f3n (PAIDI 2020) y del Operativo FEDER 2014-2020; convocatoria de 2021 de ayudas a actividades de transferencia de conocimiento entre los agentes del sistema andaluz del conocimiento y el tejido productivo; c\u00f3digo AT21-00051; evaluado con 94 sobre 100; concedido por Resoluci\u00f3n definitiva de 1 de diciembre de 2022 de la Consejer\u00eda de Universidad,  Investigaci\u00f3n e Innovaci\u00f3n de la Junta de Andaluc\u00eda; con dotaci\u00f3n de 45.913,75 \u20ac; a ejecutar en 1 a\u00f1o; modificado de oficio su plazo de ejecuci\u00f3n hasta el 31 de mayo de 2023 por Resoluci\u00f3n de 20 de enero de 2023 de la Secretar\u00eda General de Investigaci\u00f3n e Innovaci\u00f3n de la Junta de Andaluc\u00eda.<\/em><\/p>\n","protected":false},"excerpt":{"rendered":"<p>This project addresses the implementation of a demonstrator of a robotic hand with rolling fingers for its application in diverse<\/p>\n<p><a href=\"https:\/\/babel.isa.uma.es\/rollgrip\/index.php\/easyimagesldr\/main-slider\/\" class=\"more-link\">(read more)<span class=\"screen-reader-text\">Main Slider<\/span><\/a><\/p>\n","protected":false},"author":1,"featured_media":0,"parent":0,"menu_order":0,"comment_status":"closed","ping_status":"open","template":"","meta":[],"_links":{"self":[{"href":"https:\/\/babel.isa.uma.es\/rollgrip\/index.php\/wp-json\/wp\/v2\/pages\/2"}],"collection":[{"href":"https:\/\/babel.isa.uma.es\/rollgrip\/index.php\/wp-json\/wp\/v2\/pages"}],"about":[{"href":"https:\/\/babel.isa.uma.es\/rollgrip\/index.php\/wp-json\/wp\/v2\/types\/page"}],"author":[{"embeddable":true,"href":"https:\/\/babel.isa.uma.es\/rollgrip\/index.php\/wp-json\/wp\/v2\/users\/1"}],"replies":[{"embeddable":true,"href":"https:\/\/babel.isa.uma.es\/rollgrip\/index.php\/wp-json\/wp\/v2\/comments?post=2"}],"version-history":[{"count":19,"href":"https:\/\/babel.isa.uma.es\/rollgrip\/index.php\/wp-json\/wp\/v2\/pages\/2\/revisions"}],"predecessor-version":[{"id":104,"href":"https:\/\/babel.isa.uma.es\/rollgrip\/index.php\/wp-json\/wp\/v2\/pages\/2\/revisions\/104"}],"wp:attachment":[{"href":"https:\/\/babel.isa.uma.es\/rollgrip\/index.php\/wp-json\/wp\/v2\/media?parent=2"}],"curies":[{"name":"wp","href":"https:\/\/api.w.org\/{rel}","templated":true}]}}