{"id":81,"date":"2016-03-12T18:48:30","date_gmt":"2016-03-12T18:48:30","guid":{"rendered":"http:\/\/babel.isa.uma.es\/jafma\/?page_id=81"},"modified":"2021-11-05T08:52:43","modified_gmt":"2021-11-05T08:52:43","slug":"docencia-teaching","status":"publish","type":"page","link":"https:\/\/babel.isa.uma.es\/jafma\/index.php\/docencia-teaching\/","title":{"rendered":"Docencia \/ Teaching"},"content":{"rendered":"<p><em>(Only in Spanish)<\/em><\/p>\n<ul>\n<li><a href=\"https:\/\/babel.isa.uma.es\/jafma\/index.php\/docencia-teaching\/horarios-de-tutorias\/\">Horarios de tutor\u00edas<\/a><\/li>\n<li><a href=\"https:\/\/babel.isa.uma.es\/jafma\/index.php\/docencia-teaching\/asignaturas-subjects\/\">Asignaturas<\/a><\/li>\n<li><a href=\"https:\/\/babel.isa.uma.es\/jafma\/index.php\/docencia-teaching\/trabajos-fin-de-grado-trabajos-fin-de-master-proyectos-fin-de-carrera-trabajos-de-doctorado\/\">Trabajos Fin de Grado, Trabajos Fin de M\u00e1ster, Proyectos Fin de Carrera, Trabajos de Doctorado<\/a><\/li>\n<li><a href=\"https:\/\/babel.isa.uma.es\/jafma\/index.php\/docencia-teaching\/practicums-y-practicas-en-empresa\/\">Pr\u00e1cticums y Pr\u00e1cticas en Empresa<\/a><\/li>\n<li><a href=\"https:\/\/babel.isa.uma.es\/jafma\/index.php\/docencia-teaching\/material-docente-gratuito\/\">Material docente gratuito<\/a><\/li>\n<\/ul>\n<div>\n<p><a href=\"https:\/\/etsit.cv.uma.es\/course\/view.php?id=4331\" target=\"_blank\" rel=\"noopener\"><img decoding=\"async\" class=\"wp-image-829\" src=\"https:\/\/babel.isa.uma.es\/jafma\/wp-content\/uploads\/2021\/11\/office.png\" alt=\"\" width=\"36\" \/> [Despacho virtual]<\/a><\/div>\n","protected":false},"excerpt":{"rendered":"<p>(Only in Spanish) Horarios de tutor\u00edas Asignaturas Trabajos Fin de Grado, Trabajos Fin de M\u00e1ster, Proyectos Fin de Carrera, Trabajos de Doctorado Pr\u00e1cticums y Pr\u00e1cticas en Empresa Material docente gratuito [Despacho virtual]<\/p>\n","protected":false},"author":1,"featured_media":95,"parent":0,"menu_order":0,"comment_status":"closed","ping_status":"closed","template":"","meta":{"footnotes":""},"class_list":["post-81","page","type-page","status-publish","has-post-thumbnail","hentry"],"_links":{"self":[{"href":"https:\/\/babel.isa.uma.es\/jafma\/index.php\/wp-json\/wp\/v2\/pages\/81"}],"collection":[{"href":"https:\/\/babel.isa.uma.es\/jafma\/index.php\/wp-json\/wp\/v2\/pages"}],"about":[{"href":"https:\/\/babel.isa.uma.es\/jafma\/index.php\/wp-json\/wp\/v2\/types\/page"}],"author":[{"embeddable":true,"href":"https:\/\/babel.isa.uma.es\/jafma\/index.php\/wp-json\/wp\/v2\/users\/1"}],"replies":[{"embeddable":true,"href":"https:\/\/babel.isa.uma.es\/jafma\/index.php\/wp-json\/wp\/v2\/comments?post=81"}],"version-history":[{"count":16,"href":"https:\/\/babel.isa.uma.es\/jafma\/index.php\/wp-json\/wp\/v2\/pages\/81\/revisions"}],"predecessor-version":[{"id":839,"href":"https:\/\/babel.isa.uma.es\/jafma\/index.php\/wp-json\/wp\/v2\/pages\/81\/revisions\/839"}],"wp:featuredmedia":[{"embeddable":true,"href":"https:\/\/babel.isa.uma.es\/jafma\/index.php\/wp-json\/wp\/v2\/media\/95"}],"wp:attachment":[{"href":"https:\/\/babel.isa.uma.es\/jafma\/index.php\/wp-json\/wp\/v2\/media?parent=81"}],"curies":[{"name":"wp","href":"https:\/\/api.w.org\/{rel}","templated":true}]}}