{"id":79,"date":"2016-03-12T18:48:08","date_gmt":"2016-03-12T18:48:08","guid":{"rendered":"http:\/\/babel.isa.uma.es\/jafma\/?page_id=79"},"modified":"2025-07-04T14:19:44","modified_gmt":"2025-07-04T14:19:44","slug":"asignaturas-subjects","status":"publish","type":"page","link":"https:\/\/babel.isa.uma.es\/jafma\/index.php\/docencia-teaching\/asignaturas-subjects\/","title":{"rendered":"Asignaturas"},"content":{"rendered":"<p style=\"text-align: center;\"><strong>CURSO 2025-2026 (131.8 horas, carga 85.03%)<\/strong><\/p>\n<p style=\"padding-left: 40px;\">&#8211; <a href=\"https:\/\/informatica.cv.uma.es\/course\/view.php?id=5587\" rel=\"noopener\">Control por Computador<\/a> (Obligatoria 4o. curso Grado en Ingenier\u00eda de Computadores; \u00faltimo curso que se imparte ante la extinci\u00f3n del t\u00edtulo)<br \/>\n&#8211; <a href=\"https:\/\/informatica.cv.uma.es\/course\/view.php?id=5588\" rel=\"noopener\">Rob\u00f3tica Inteligente<\/a> (obligatoria 3er. curso Grado en Ciberseguridad e Inteligencia Artificial)<br \/>\n&#8211; <a href=\"https:\/\/etsit.cv.uma.es\/course\/view.php?id=5206\" rel=\"noopener\">Rob\u00f3tica<\/a> (Optativa 4o. curso Grado en Ingenier\u00eda de Sistemas Electr\u00f3nicos; \u00faltimo curso que se imparte con 6 cr\u00e9ditos)<\/p>\n<p style=\"text-align: center;\"><strong>CURSO 2024-2025 (140.9 horas, carga 85.4%)<\/strong><\/p>\n<p style=\"padding-left: 30px;\">&#8211; <a href=\"https:\/\/informatica.cv.uma.es\/course\/view.php?id=5290\" rel=\"noopener\">Control por Computador<\/a> (Obligatoria 4o. curso Grado en Ingenier\u00eda de Computadores)<br \/>\n&#8211; <a href=\"https:\/\/mop.cv.uma.es\/course\/view.php?id=19389\" rel=\"noopener\">Tiempo Real para Sistemas Mecatr\u00f3nicos<\/a> (obligatoria del M\u00e1ster de Ingenier\u00eda Mecatr\u00f3nica de la Universidad de M\u00e1laga)<br \/>\n&#8211; <a href=\"https:\/\/etsit.cv.uma.es\/course\/view.php?id=4909\" rel=\"noopener\">Rob\u00f3tica<\/a> (Optativa 4o. curso Grado en Ingenier\u00eda de Sistemas Electr\u00f3nicos)<br \/>\n&#8211; <a href=\"https:\/\/informatica.cv.uma.es\/course\/view.php?id=5299\" rel=\"noopener\">Sistemas de Tiempo Real<\/a> (Obligatoria 3er. curso Grado en Ingenier\u00eda de Computadores)<\/p>\n<p style=\"text-align: center;\"><strong>CURSO 2023-2024 (104.2 horas, carga 86.8%)<\/strong><\/p>\n<p style=\"padding-left: 30px;\">&#8211; <a href=\"https:\/\/informatica.cv.uma.es\/course\/view.php?id=5001\" target=\"_blank\" rel=\"noopener\">Control por Computador<\/a> (Obligatoria 4o. curso Grado en Ingenier\u00eda de Computadores)<br \/>\n&#8211; <a href=\"https:\/\/mop.cv.uma.es\/course\/view.php?id=17804\" target=\"_blank\" rel=\"noopener\">Tiempo Real para Sistemas Mecatr\u00f3nicos<\/a> (obligatoria del M\u00e1ster de Ingenier\u00eda Mecatr\u00f3nica de la Universidad de M\u00e1laga)<br \/>\n&#8211; <a href=\"https:\/\/etsit.cv.uma.es\/course\/view.php?id=4648\" target=\"_blank\" rel=\"noopener\">Rob\u00f3tica<\/a> (Optativa 4o. curso Grado en Ingenier\u00eda de Sistemas Electr\u00f3nicos)<\/p>\n<p style=\"text-align: center;\"><strong>CURSO 2022-2023 (105.8 horas, carga 88.2%)<\/strong><\/p>\n<p style=\"padding-left: 30px;\">&#8211; <a href=\"https:\/\/informatica.cv.uma.es\/course\/view.php?id=4783\" target=\"_blank\" rel=\"noopener\">Control por Computador<\/a> (Obligatoria 4o. curso Grado en Ingenier\u00eda de Computadores)<br \/>\n&#8211; <a href=\"https:\/\/mop.cv.uma.es\/course\/view.php?id=16313\" target=\"_blank\" rel=\"noopener\">Tiempo Real para Sistemas Mecatr\u00f3nicos<\/a> (obligatoria del M\u00e1ster de Ingenier\u00eda Mecatr\u00f3nica de la Universidad de M\u00e1laga)<br \/>\n&#8211; <a href=\"https:\/\/etsit.cv.uma.es\/course\/view.php?id=4447\" target=\"_blank\" rel=\"noopener\">Rob\u00f3tica<\/a> (Optativa 4o. curso Grado en Ingenier\u00eda de Sistemas Electr\u00f3nicos)<\/p>\n<p style=\"text-align: center;\"><strong>CURSO 2021-2022 (104.5 horas, carga 87.1%)<\/strong><\/p>\n<p style=\"padding-left: 30px;\">&#8211; <a href=\"https:\/\/informatica.cv.uma.es\/course\/view.php?id=4451\" target=\"_blank\" rel=\"noopener\">Control por Computador<\/a> (Obligatoria 4o. curso Grado en Ingenier\u00eda de Computadores)<br \/>\n&#8211; <a href=\"https:\/\/mop.cv.uma.es\/course\/view.php?id=14818\" target=\"_blank\" rel=\"noopener\">Tiempo Real para Sistemas Mecatr\u00f3nicos<\/a> (obligatoria del M\u00e1ster de Ingenier\u00eda Mecatr\u00f3nica de la Universidad de M\u00e1laga)<br \/>\n&#8211; <a href=\"https:\/\/etsit.cv.uma.es\/course\/view.php?id=4215\" target=\"_blank\" rel=\"noopener\">Rob\u00f3tica<\/a> (Optativa 4o. curso Grado en Ingenier\u00eda de Sistemas Electr\u00f3nicos)<\/p>\n<p style=\"text-align: center;\"><strong>CURSO 2020-2021 (153.07 horas, carga 102%)<\/strong><\/p>\n<p style=\"padding-left: 30px;\">&#8211; <a href=\"https:\/\/informatica.cv.uma.es\/course\/view.php?id=4105\" target=\"_blank\" rel=\"noopener\">Control por Computador<\/a> (Obligatoria 4o. curso Grado en Ingenier\u00eda de Computadores)<br \/>\n&#8211; <a href=\"https:\/\/mop.cv.uma.es\/course\/view.php?id=13046\" target=\"_blank\" rel=\"noopener\">Tiempo Real para Sistemas Mecatr\u00f3nicos<\/a> (obligatoria del M\u00e1ster de Ingenier\u00eda Mecatr\u00f3nica de la Universidad de M\u00e1laga)<br \/>\n&#8211; <a href=\"https:\/\/etsit.cv.uma.es\/course\/view.php?id=4070\" target=\"_blank\" rel=\"noopener\">Rob\u00f3tica<\/a> (Optativa 4o. curso Grado en Ingenier\u00eda de Sistemas Electr\u00f3nicos)<br \/>\n&#8211; <a href=\"https:\/\/mop.cv.uma.es\/course\/view.php?id=13047\" target=\"_blank\" rel=\"noopener\">Robots M\u00f3viles<\/a> (optativa del M\u00e1ster de Ingenier\u00eda Mecatr\u00f3nica de la Universidad de M\u00e1laga)<\/p>\n<p style=\"text-align: center;\"><strong>CURSO 2019-2020 (140.65 horas, carga 90.7%)<\/strong><\/p>\n<p style=\"padding-left: 30px;\">&#8211; <a href=\"https:\/\/informatica.cv.uma.es\/course\/view.php?id=3816\" target=\"_blank\" rel=\"noopener\">Control por Computador<\/a> (Obligatoria 4o. curso Grado en Ingenier\u00eda de Computadores)<br \/>\n&#8211; <a href=\"https:\/\/mop.cv.uma.es\/course\/view.php?id=11499\" target=\"_blank\" rel=\"noopener\">Tiempo Real para Sistemas Mecatr\u00f3nicos<\/a> (obligatoria del M\u00e1ster de Ingenier\u00eda Mecatr\u00f3nica de la Universidad de M\u00e1laga)<br \/>\n&#8211; <a href=\"https:\/\/etsit.cv.uma.es\/course\/view.php?id=3789\" target=\"_blank\" rel=\"noopener\">Rob\u00f3tica<\/a> (Optativa 4o. curso Grado en Ingenier\u00eda de Sistemas Electr\u00f3nicos)<br \/>\n&#8211; <a href=\"https:\/\/mop.cv.uma.es\/course\/view.php?id=11600\" target=\"_blank\" rel=\"noopener\">Robots M\u00f3viles<\/a> (optativa del M\u00e1ster de Ingenier\u00eda Mecatr\u00f3nica de la Universidad de M\u00e1laga)<\/p>\n<p style=\"text-align: center;\"><strong>CURSO 2018-2019 (151.4 horas, carga 100.9%)<\/strong><\/p>\n<p style=\"padding-left: 30px;\">&#8211; <a href=\"https:\/\/informatica.cv.uma.es\/course\/view.php?id=3502\" target=\"_blank\" rel=\"noopener\">Control por Computador<\/a> (Obligatoria 4o. curso Grado en Ingenier\u00eda de Computadores)<br \/>\n&#8211; <a href=\"https:\/\/mop.cv.uma.es\/course\/view.php?id=9974\" target=\"_blank\" rel=\"noopener\">Tiempo Real para Sistemas Mecatr\u00f3nicos<\/a> (obligatoria del M\u00e1ster de Ingenier\u00eda Mecatr\u00f3nica de la Universidad de M\u00e1laga)<br \/>\n&#8211; <a href=\"https:\/\/etsit.cv.uma.es\/course\/view.php?id=3509\" target=\"_blank\" rel=\"noopener\">Rob\u00f3tica<\/a> (Optativa 4o. curso Grado en Ingenier\u00eda de Sistemas Electr\u00f3nicos)<\/p>\n<p style=\"text-align: center;\"><strong>CURSO 2017-2018 (175.31 horas, carga 94.8%)<\/strong><\/p>\n<p style=\"padding-left: 30px;\">&#8211; <a href=\"https:\/\/informatica.cv.uma.es\/course\/view.php?id=3206\" target=\"_blank\" rel=\"noopener\">Control por Computador<\/a> (Obligatoria 4o. curso Grado en Ingenier\u00eda de Computadores)<br \/>\n&#8211; <a href=\"https:\/\/mop.cv.uma.es\/course\/view.php?id=8605\" target=\"_blank\" rel=\"noopener\">Tiempo Real para Sistemas Mecatr\u00f3nicos<\/a> (obligatoria del M\u00e1ster de Ingenier\u00eda Mecatr\u00f3nica de la Universidad de M\u00e1laga)<br \/>\n&#8211; <a href=\"https:\/\/etsit.cv.uma.es\/course\/view.php?id=3121\" target=\"_blank\" rel=\"noopener\">Rob\u00f3tica<\/a> (Optativa 4o. curso Grado en Ingenier\u00eda de Sistemas Electr\u00f3nicos)<br \/>\n&#8211; <a href=\"https:\/\/mop.cv.uma.es\/course\/view.php?id=8607\" target=\"_blank\" rel=\"noopener\">Robots M\u00f3viles<\/a> (optativa del M\u00e1ster de Ingenier\u00eda Mecatr\u00f3nica de la Universidad de M\u00e1laga)<\/p>\n<p style=\"text-align: center;\"><strong>CURSO 2016-2017 (175.25 horas, carga 159.3% seg\u00fan TU o 92.2% seg\u00fan CU)<\/strong><\/p>\n<p style=\"padding-left: 30px;\">&#8211; <a href=\"http:\/\/informatica.cv.uma.es\/course\/view.php?id=2908\" target=\"_blank\" rel=\"noopener\">Control por Computador<\/a> (Obligatoria 4o. curso Grado en Ingenier\u00eda de Computadores)<br \/>\n&#8211; <a href=\"http:\/\/mop.cv.uma.es\/course\/view.php?id=7087\" target=\"_blank\" rel=\"noopener\">Tiempo Real para Sistemas Mecatr\u00f3nicos<\/a> (obligatoria del M\u00e1ster de Ingenier\u00eda Mecatr\u00f3nica de la Universidad de M\u00e1laga)<br \/>\n&#8211; <a href=\"https:\/\/mop.cv.uma.es\/course\/view.php?id=7224\" target=\"_blank\" rel=\"noopener\">Aplicaciones de Tiempo Real para Dispositivos M\u00f3viles<\/a> (optativa del M\u00e1ster de Ingenier\u00eda de Telecomunicacones de la Universidad de M\u00e1laga)<br \/>\n&#8211; <a href=\"http:\/\/etsit.cv.uma.es\/course\/view.php?id=3002\" target=\"_blank\" rel=\"noopener\">Rob\u00f3tica<\/a> (Optativa 4o. curso Grado en Ingenier\u00eda de Sistemas Electr\u00f3nicos)<br \/>\n&#8211; <a href=\"http:\/\/mop.cv.uma.es\/course\/view.php?id=7307\" target=\"_blank\" rel=\"noopener\">Robots M\u00f3viles<\/a> (optativa del M\u00e1ster de Ingenier\u00eda Mecatr\u00f3nica de la Universidad de M\u00e1laga)<\/p>\n<p style=\"text-align: center;\"><strong>CURSO 2015-2016 (194.5 horas, carga 102.4%)<\/strong><\/p>\n<p style=\"padding-left: 30px;\">&#8211; <a href=\"http:\/\/etsit.cv.uma.es\/course\/view.php?id=2745\" target=\"_blank\" rel=\"noopener\">Rob\u00f3tica<\/a> (Optativa 4o. curso Grado en Ingenier\u00eda de Sistemas Electr\u00f3nicos)<br \/>\n&#8211; <a href=\"http:\/\/informatica.cv.uma.es\/course\/view.php?id=2617\" target=\"_blank\" rel=\"noopener\">Control por Computador<\/a> (Obligatoria 4o. curso Grado en Ingenier\u00eda de Computadores)<br \/>\n&#8211; <a href=\"http:\/\/mop.cv.uma.es\/course\/view.php?id=5757\" target=\"_blank\" rel=\"noopener\">Tiempo Real para Sistemas Mecatr\u00f3nicos<\/a> (obligatoria del M\u00e1ster de Ingenier\u00eda Mecatr\u00f3nica de la Universidad de M\u00e1laga)<br \/>\n&#8211; <a href=\"http:\/\/mop.cv.uma.es\/course\/view.php?id=6815\" target=\"_blank\" rel=\"noopener\">Robots M\u00f3viles<\/a> (optativa del M\u00e1ster de Ingenier\u00eda Mecatr\u00f3nica de la Universidad de M\u00e1laga)<br \/>\n&#8211; <a href=\"http:\/\/mop.cv.uma.es\/course\/view.php?id=5769\" target=\"_blank\" rel=\"noopener\">Rob\u00f3tica Cognitiva<\/a> (optativa del M\u00e1ster de Ingenier\u00eda Mecatr\u00f3nica de la Universidad de M\u00e1laga)<br \/>\n&#8211; Aplicaciones de Tiempo Real para Dispositivos M\u00f3viles(optativa del M\u00e1ster de Ingenier\u00eda de Telecomunicacones de la Universidad de M\u00e1laga; no impartida por falta de alumnos)<\/p>\n<p style=\"text-align: center;\"><strong>CURSO 2014-2015 (194.5 horas, carga 100.3%)<\/strong><\/p>\n<p style=\"padding-left: 30px;\">&#8211; <a href=\"http:\/\/etsit.cv.uma.es\/course\/view.php?id=2427\" target=\"_blank\" rel=\"noopener\">Rob\u00f3tica<\/a> (Optativa 4o. curso Grado en Ingenier\u00eda de Sistemas Electr\u00f3nicos)<br \/>\n&#8211; <a href=\"http:\/\/informatica.cv.uma.es\/course\/view.php?id=2277\" target=\"_blank\" rel=\"noopener\">Control por Computador<\/a> (Obligatoria 4o. curso Grado en Ingenier\u00eda de Computadores)<br \/>\n&#8211; <a href=\"http:\/\/mop.cv.uma.es\/course\/view.php?id=4602\" target=\"_blank\" rel=\"noopener\">Tiempo Real para Sistemas Mecatr\u00f3nicos<\/a> (obligatoria del M\u00e1ster de Ingenier\u00eda Mecatr\u00f3nica de la Universidad de M\u00e1laga)<br \/>\n&#8211; <a href=\"http:\/\/mop.cv.uma.es\/course\/view.php?id=5427\" target=\"_blank\" rel=\"noopener\">Robots M\u00f3viles<\/a> (optativa del M\u00e1ster de Ingenier\u00eda Mecatr\u00f3nica de la Universidad de M\u00e1laga)<br \/>\n&#8211; <a href=\"http:\/\/mop.cv.uma.es\/course\/view.php?id=5428\" target=\"_blank\" rel=\"noopener\">Rob\u00f3tica Cognitiva<\/a> (optativa del M\u00e1ster de Ingenier\u00eda Mecatr\u00f3nica de la Universidad de M\u00e1laga)<\/p>\n<p style=\"text-align: center;\"><strong>CURSO 2013-2014 (171.7 horas, carga 91.4%)<\/strong><\/p>\n<p style=\"padding-left: 30px;\">&#8211; <a href=\"http:\/\/etsit.cv.uma.es\/course\/view.php?id=1898\" target=\"_blank\" rel=\"noopener\">Rob\u00f3tica<\/a> (Optativa 4o. curso Grado en Ingenier\u00eda de Sistemas Electr\u00f3nicos)<br \/>\n&#8211; <a href=\"http:\/\/informatica.cv.uma.es\/course\/view.php?id=1944\" target=\"_blank\" rel=\"noopener\">Control por Computador<\/a> (Obligatoria 4o. curso Grado en Ingenier\u00eda de Computadores)<br \/>\n&#8211; Sistemas de Tiempo Real (Obligatoria 3er. curso Grado en Ingenier\u00eda de Computadores)<br \/>\n&#8211; <a href=\"http:\/\/mop.cv.uma.es\/course\/view.php?id=3675\" target=\"_blank\" rel=\"noopener\">Tiempo Real para Sistemas Mecatr\u00f3nicos<\/a> (obligatoria del M\u00e1ster de Ingenier\u00eda Mecatr\u00f3nica de la Universidad de M\u00e1laga)<br \/>\n&#8211; <a href=\"http:\/\/mop.cv.uma.es\/course\/view.php?id=3676\" target=\"_blank\" rel=\"noopener\">Robots M\u00f3viles<\/a> (optativa del M\u00e1ster de Ingenier\u00eda Mecatr\u00f3nica de la Universidad de M\u00e1laga)<br \/>\n&#8211; <a href=\"http:\/\/mop.cv.uma.es\/course\/view.php?id=3677\" target=\"_blank\" rel=\"noopener\">Rob\u00f3tica Cognitiva<\/a> (optativa del M\u00e1ster de Ingenier\u00eda Mecatr\u00f3nica de la Universidad de M\u00e1laga)<\/p>\n<p style=\"text-align: center;\"><strong>CURSO 2012-2013 (165 horas, carga 87.3%)<\/strong><\/p>\n<p style=\"padding-left: 30px;\">&#8211; <a href=\"http:\/\/informatica.cv.uma.es\/course\/view.php?id=1643\" target=\"_blank\" rel=\"noopener\">Ingenier\u00eda de Sistemas<\/a> (Obligatoria 2o. ciclo Ingenieros en Inform\u00e1tica, extinguida y de cuyos contenidos deriva parcialmente Control por Computador)<br \/>\n&#8211; Sistemas de Tiempo Real (Obligatoria 3er. curso Grado en Ingenier\u00eda de Computadores)<br \/>\n&#8211; <a href=\"http:\/\/mop.cv.uma.es\/course\/view.php?id=2777\" target=\"_blank\" rel=\"noopener\">Tiempo Real para Sistemas Mecatr\u00f3nicos<\/a> (obligatoria del M\u00e1ster de Ingenier\u00eda Mecatr\u00f3nica de la Universidad de M\u00e1laga)<br \/>\n&#8211; <a href=\"http:\/\/mop.cv.uma.es\/course\/view.php?id=2778\" target=\"_blank\" rel=\"noopener\">Robots M\u00f3viles<\/a> (optativa del M\u00e1ster de Ingenier\u00eda Mecatr\u00f3nica de la Universidad de M\u00e1laga)<br \/>\n&#8211; <a href=\"http:\/\/mop.cv.uma.es\/course\/view.php?id=2779\" target=\"_blank\" rel=\"noopener\">Rob\u00f3tica Cognitiva<\/a> (optativa del M\u00e1ster de Ingenier\u00eda Mecatr\u00f3nica de la Universidad de M\u00e1laga)<\/p>\n<p style=\"text-align: center;\"><strong>CURSO 2011-2012 (187 horas, carga 93.5%)<\/strong><\/p>\n<p style=\"padding-left: 30px;\">&#8211; <a href=\"http:\/\/informatica.cv.uma.es\/course\/view.php?id=1544\" target=\"_blank\" rel=\"noopener\">Sistemas de Control y Adquisici\u00f3n de Datos<\/a> (optativa 1er ciclo Ingenieros en Inform\u00e1tica, Ingenieros T\u00e9cnicos en Inform\u00e1tica de Gesti\u00f3n y de Sistemas; extinguida y de cuyos contenidos deriva parcialmente Control por Computador)<br \/>\n&#8211; <a href=\"http:\/\/mop.cv.uma.es\/course\/view.php?id=2060\" target=\"_blank\" rel=\"noopener\">Tiempo Real para Sistemas Mecatr\u00f3nicos<\/a> (obligatoria del M\u00e1ster de Ingenier\u00eda Mecatr\u00f3nica de la Universidad de M\u00e1laga)<br \/>\n&#8211; <a href=\"http:\/\/mop.cv.uma.es\/course\/view.php?id=2062\" target=\"_blank\" rel=\"noopener\">Robots M\u00f3viles<\/a> (optativa del M\u00e1ster de Ingenier\u00eda Mecatr\u00f3nica de la Universidad de M\u00e1laga)<br \/>\n&#8211; <a href=\"http:\/\/mop.cv.uma.es\/course\/view.php?id=2061\" target=\"_blank\" rel=\"noopener\">Rob\u00f3tica Cognitiva<\/a> (optativa del M\u00e1ster de Ingenier\u00eda Mecatr\u00f3nica de la Universidad de M\u00e1laga)<\/p>\n<p style=\"text-align: center;\"><strong>CURSO 2010-2011 (20.3 cr\u00e9ditos, 203 horas, carga 92.3%)<\/strong><\/p>\n<p style=\"padding-left: 30px;\">&#8211; Sistemas de Control y Adquisici\u00f3n de Datos (optativa 1er ciclo Ingenieros en Inform\u00e1tica, Ingenieros T\u00e9cnicos en Inform\u00e1tica de Gesti\u00f3n y de Sistemas)<br \/>\n&#8211; <a href=\"http:\/\/mop.cv.uma.es\/course\/view.php?id=1466\" target=\"_blank\" rel=\"noopener\">Tiempo Real para Sistemas Mecatr\u00f3nicos<\/a> (obligatoria del M\u00e1ster de Ingenier\u00eda Mecatr\u00f3nica de la Universidad de M\u00e1laga)<br \/>\n&#8211; <a href=\"http:\/\/mop.cv.uma.es\/course\/view.php?id=1474\" target=\"_blank\" rel=\"noopener\">Robots M\u00f3viles<\/a> (optativa del M\u00e1ster de Ingenier\u00eda Mecatr\u00f3nica de la Universidad de M\u00e1laga)<br \/>\n&#8211; <a href=\"http:\/\/mop.cv.uma.es\/course\/view.php?id=1480\" target=\"_blank\" rel=\"noopener\">Rob\u00f3tica Cognitiva<\/a> (optativa del M\u00e1ster de Ingenier\u00eda Mecatr\u00f3nica de la Universidad de M\u00e1laga)<\/p>\n<p style=\"text-align: center;\"><strong>CURSO 2009-2010 (22.01 cr\u00e9ditos, 220.1 horas, carga 95.7%)<\/strong><\/p>\n<p style=\"padding-left: 30px;\">&#8211; Sistemas en Tiempo Real (obligatoria 3\u00ba Ingenieros t\u00e9cnicos en Inform\u00e1tica de Sistemas)<br \/>\n&#8211; Sistemas de Control y Adquisici\u00f3n de Datos (optativa 1er ciclo Ingenieros en Inform\u00e1tica, Ingenieros T\u00e9cnicos en Inform\u00e1tica de Gesti\u00f3n y de Sistemas)<br \/>\n&#8211; <a href=\"http:\/\/doctorado.cv.uma.es\/course\/view.php?id=131\" target=\"_blank\" rel=\"noopener\">Robots M\u00f3viles<\/a> (optativa programa de doctorado de <a href=\"http:\/\/www.isa.uma.es\/C9\/3%C2%BA%20Ciclo\/default.aspx\" target=\"_blank\" rel=\"noopener\">Ingenier\u00eda Mecatr\u00f3nica<\/a> del curso 09\/10, con Menci\u00f3n de Calidad y Verificado por la ANECA)<\/p>\n<p style=\"text-align: center;\"><strong>CURSO 2008-2009 (23.61 cr\u00e9ditos, 236.1 horas, carga 102.7%)<\/strong><\/p>\n<p style=\"padding-left: 30px;\">&#8211; Sistemas en Tiempo Real (obligatoria 3\u00ba Ingenieros t\u00e9cnicos en Inform\u00e1tica de Sistemas)<br \/>\n&#8211; Sistemas de Control y Adquisici\u00f3n de Datos (optativa 1er ciclo Ingenieros en Inform\u00e1tica, Ingenieros T\u00e9cnicos en Inform\u00e1tica de Gesti\u00f3n y de Sistemas)<\/p>\n<p style=\"text-align: center;\"><strong>CURSO 2007-2008 (21.55 cr\u00e9ditos, 215.5 horas, carga 93.7%)<\/strong><\/p>\n<p style=\"padding-left: 30px;\">&#8211; Sistemas en Tiempo Real (obligatoria 3\u00ba Ingenieros t\u00e9cnicos en Inform\u00e1tica de Sistemas)<br \/>\n&#8211; Sistemas de Control y Adquisici\u00f3n de Datos (optativa 1er ciclo Ingenieros en Inform\u00e1tica, Ingenieros T\u00e9cnicos en Inform\u00e1tica de Gesti\u00f3n y de Sistemas)<\/p>\n<p style=\"text-align: center; padding-left: 30px;\"><strong>CURSO 2006-2007 (22.47 cr\u00e9ditos, 224.7 horas, carga 102.1%)<\/strong><\/p>\n<p style=\"padding-left: 30px;\">&#8211; Sistemas en Tiempo Real (obligatoria 3\u00ba Ingenieros t\u00e9cnicos en Inform\u00e1tica de Sistemas)<br \/>\n&#8211; Sistemas de Control y Adquisici\u00f3n de Datos (optativa 1er ciclo Ingenieros en Inform\u00e1tica, Ingenieros T\u00e9cnicos en Inform\u00e1tica de Gesti\u00f3n y de Sistemas)<\/p>\n<p style=\"text-align: center; padding-left: 30px;\"><strong>CURSO 2005-2006 (23.5 cr\u00e9ditos, 235 horas, carga 97.9%)<\/strong><\/p>\n<p style=\"padding-left: 30px;\">&#8211; Sistemas en Tiempo Real (obligatoria 3\u00ba Ingenieros t\u00e9cnicos en Inform\u00e1tica de Sistemas)<br \/>\n&#8211; Sistemas de Control y Adquisici\u00f3n de Datos (optativa 1er ciclo Ingenieros en Inform\u00e1tica, Ingenieros T\u00e9cnicos en Inform\u00e1tica de Gesti\u00f3n y de Sistemas)<br \/>\n&#8211; Sistemas de Automatizaci\u00f3n (optativa 1er ciclo Ingenieros T\u00e9cnicos en Telecomunicaci\u00f3n)<\/p>\n<p style=\"text-align: center;\"><strong>CURSO 2004-2005 (22.7 cr\u00e9ditos, 227 horas, 94.6% carga)<\/strong><\/p>\n<p style=\"padding-left: 30px;\">&#8211; Sistemas en Tiempo Real (obligatoria 3\u00ba Ingenieros t\u00e9cnicos en Inform\u00e1tica de Sistemas)<br \/>\n&#8211; Sistemas de Control y Adquisici\u00f3n de Datos (optativa 1er ciclo Ingenieros en Inform\u00e1tica, Ingenieros T\u00e9cnicos en Inform\u00e1tica de Gesti\u00f3n y de Sistemas)<\/p>\n<p style=\"text-align: center;\"><strong>CURSO 2003-2004 (23 cr\u00e9ditos, 230 horas, 95.8% carga)<\/strong><\/p>\n<p style=\"padding-left: 30px;\">&#8211; Sistemas en Tiempo Real (obligatoria 3\u00ba Ingenieros t\u00e9cnicos en Inform\u00e1tica de Sistemas)<br \/>\n&#8211; Ingenier\u00eda de Sistemas (obligatoria 4\u00ba Ingenieros en Inform\u00e1tica)<br \/>\n&#8211; Sistemas de Control y Adquisici\u00f3n de Datos (optativa 1er ciclo Ingenieros en Inform\u00e1tica, Ingenieros T\u00e9cnicos en Inform\u00e1tica de Gesti\u00f3n y de Sistemas)<\/p>\n<p style=\"text-align: center; padding-left: 30px;\"><strong>CURSO 2002-2003 (24 cr\u00e9ditos, horas 240, 133.3% carga)<\/strong><\/p>\n<p style=\"padding-left: 30px;\">&#8211; Sistemas en Tiempo Real (obligatoria 3\u00ba Ingenieros t\u00e9cnicos en Inform\u00e1tica de Sistemas)<br \/>\n&#8211; Modelado y Simulaci\u00f3n (optativa 2\u00ba ciclo Ingenieros en Inform\u00e1tica)<br \/>\n&#8211; Sistemas de Control y Adquisici\u00f3n de Datos (optativa 1er ciclo Ingenieros en Inform\u00e1tica, Ingenieros T\u00e9cnicos en Inform\u00e1tica de Gesti\u00f3n y de Sistemas)<\/p>\n<p style=\"text-align: center;\"><strong>CURSO 2001-2002 (18.6 cr\u00e9ditos 186 horas, 155% carga)<\/strong><\/p>\n<p style=\"padding-left: 30px;\">&#8211; Sistemas en Tiempo Real (obligatoria 3\u00ba Ingenieros t\u00e9cnicos en Inform\u00e1tica de Sistemas)<br \/>\n&#8211; Modelado y Simulaci\u00f3n (optativa 2\u00ba ciclo Ingenieros en Inform\u00e1tica)<br \/>\n&#8211; Sistemas de Control y Adquisici\u00f3n de Datos (optativa 1er ciclo Ingenieros en Inform\u00e1tica, Ingenieros T\u00e9cnicos en Inform\u00e1tica de Gesti\u00f3n y de Sistemas)<\/p>\n<p style=\"text-align: center;\"><strong>CURSO 2000-2001 (12.9 cr\u00e9ditos 129 horas, 107% carga)<\/strong><\/p>\n<p style=\"padding-left: 30px;\">&#8211; Sistemas en Tiempo Real (obligatoria 3\u00ba Ingenieros t\u00e9cnicos en Inform\u00e1tica de Sistemas)<br \/>\n&#8211; Modelado y Simulaci\u00f3n (optativa 2\u00ba ciclo Ingenieros en Inform\u00e1tica)<br \/>\n&#8211; Automatizaci\u00f3n de Procesos de Producci\u00f3n (optativa Ingenieros t\u00e9cnicos en Inform\u00e1tica de Gesti\u00f3n)<\/p>\n<p style=\"text-align: center;\"><strong>CURSO 1999-2000 (6 cr\u00e9ditos, 60 horas, 100% carga)<\/strong><\/p>\n<p style=\"padding-left: 30px;\">&#8211; Sistemas Distribuidos para Control y Automatizaci\u00f3n (optativa 4\u00ba-5\u00ba E.T.S.I. Industriales)<\/p>\n<p style=\"text-align: center;\"><strong>CURSO 1998-1999 (becario FPI)<\/strong><\/p>\n<p style=\"padding-left: 30px;\">&#8211; Gesti\u00f3n de Sistemas Automatizados (optativa 3o. Ingenieros T\u00e9cnicos en Inform\u00e1tica de Gesti\u00f3n)<br \/>\n&#8211; Automatizaci\u00f3n de Procesos de Producci\u00f3n (optativa 3o. Ingenieros T\u00e9cnicos en Inform\u00e1tica de Gesti\u00f3n)<\/p>\n<p>&nbsp;<\/p>\n","protected":false},"excerpt":{"rendered":"<p>CURSO 2025-2026 (131.8 horas, carga 85.03%) &#8211; Control por Computador (Obligatoria 4o. curso Grado en Ingenier\u00eda de Computadores; \u00faltimo curso que se imparte ante la extinci\u00f3n del t\u00edtulo) &#8211; Rob\u00f3tica Inteligente (obligatoria 3er. curso Grado en Ciberseguridad e Inteligencia Artificial) &#8211; Rob\u00f3tica (Optativa 4o. curso Grado en Ingenier\u00eda de Sistemas Electr\u00f3nicos; \u00faltimo curso que se [&hellip;]<\/p>\n","protected":false},"author":1,"featured_media":95,"parent":81,"menu_order":0,"comment_status":"closed","ping_status":"closed","template":"","meta":{"footnotes":""},"class_list":["post-79","page","type-page","status-publish","has-post-thumbnail","hentry"],"_links":{"self":[{"href":"https:\/\/babel.isa.uma.es\/jafma\/index.php\/wp-json\/wp\/v2\/pages\/79"}],"collection":[{"href":"https:\/\/babel.isa.uma.es\/jafma\/index.php\/wp-json\/wp\/v2\/pages"}],"about":[{"href":"https:\/\/babel.isa.uma.es\/jafma\/index.php\/wp-json\/wp\/v2\/types\/page"}],"author":[{"embeddable":true,"href":"https:\/\/babel.isa.uma.es\/jafma\/index.php\/wp-json\/wp\/v2\/users\/1"}],"replies":[{"embeddable":true,"href":"https:\/\/babel.isa.uma.es\/jafma\/index.php\/wp-json\/wp\/v2\/comments?post=79"}],"version-history":[{"count":75,"href":"https:\/\/babel.isa.uma.es\/jafma\/index.php\/wp-json\/wp\/v2\/pages\/79\/revisions"}],"predecessor-version":[{"id":1246,"href":"https:\/\/babel.isa.uma.es\/jafma\/index.php\/wp-json\/wp\/v2\/pages\/79\/revisions\/1246"}],"up":[{"embeddable":true,"href":"https:\/\/babel.isa.uma.es\/jafma\/index.php\/wp-json\/wp\/v2\/pages\/81"}],"wp:featuredmedia":[{"embeddable":true,"href":"https:\/\/babel.isa.uma.es\/jafma\/index.php\/wp-json\/wp\/v2\/media\/95"}],"wp:attachment":[{"href":"https:\/\/babel.isa.uma.es\/jafma\/index.php\/wp-json\/wp\/v2\/media?parent=79"}],"curies":[{"name":"wp","href":"https:\/\/api.w.org\/{rel}","templated":true}]}}