{"id":558,"date":"2018-03-30T14:58:24","date_gmt":"2018-03-30T14:58:24","guid":{"rendered":"http:\/\/babel.isa.uma.es\/jafma\/?page_id=558"},"modified":"2025-03-18T19:06:13","modified_gmt":"2025-03-18T19:06:13","slug":"libro-la-investigacion-universitaria","status":"publish","type":"page","link":"https:\/\/babel.isa.uma.es\/jafma\/index.php\/libro-la-investigacion-universitaria\/","title":{"rendered":"La investigaci\u00f3n universitaria en el \u00e1mbito de la Ingenier\u00eda"},"content":{"rendered":"<p><a href=\"http:\/\/babel.isa.uma.es\/_utils\/downloads\/logdownloads.php?u=jafma&amp;t=pdf&amp;f=downloads\/jafma\/docencia\/LibroInvestigacionUniversitariav101_marzo2019.pdf\"><img decoding=\"async\" class=\"alignright size-full wp-image-630\" src=\"https:\/\/babel.isa.uma.es\/jafma\/wp-content\/uploads\/2019\/03\/portadav101.png\" alt=\"\" width=\"250\" \/><\/a><span style=\"color: #ff6600;\"><strong>(only in Spanish)<\/strong><\/span><\/p>\n<p><strong>NOTA:<\/strong> <i>Debido a la cantidad continua de cambios en la legislaci\u00f3n que afecta a la carrera del profesor investigador universitario y a la imposibilidad de poder mantener el libro actualizado al mismo ritmo, para lo que ese trabajo deber\u00eda considerarse parte de la jornada laboral, no preveo que pueda producir nuevas versiones. Lamento los inconvenientes y espero que siga siendo \u00fatil como referencia de una \u00e9poca concreta.<\/i><\/p>\n<p>Este libro da una visi\u00f3n lo m\u00e1s completa posible y tambi\u00e9n <span style=\"color: #993300;\"><strong>cr\u00edtica<\/strong><\/span> de lo que supone el <span style=\"color: #993300;\"><strong>desarrollarse como investigador<\/strong><\/span> en una universidad p\u00fablica en Espa\u00f1a.<\/p>\n<p>El texto condensa de forma <span style=\"color: #993300;\"><strong>rigurosa y ordenada<\/strong><\/span> los principales aspectos del sistema legal, institucional, econ\u00f3mico y de promoci\u00f3n del personal que dan soporte al trabajo de investigaci\u00f3n en la universidad espa\u00f1ola, junto con algunas pinceladas de su evoluci\u00f3n hist\u00f3rica, de forma que pueda resultar \u00fatil como <span style=\"color: #993300;\"><strong>referencia<\/strong><\/span>.<\/p>\n<p>Est\u00e1 dirigido tanto a personas situadas en distintos niveles de la<span style=\"color: #993300;\"><strong> carrera acad\u00e9mica universitaria<\/strong><\/span> como al p\u00fablico que est\u00e9 interesado en una <span style=\"color: #993300;\"><strong>descripci\u00f3n m\u00e1s detallada<\/strong><\/span> de este \u00e1mbito que la diseminada en medios de comunicaci\u00f3n no especializados.<\/p>\n<p>El contenido est\u00e1 basado en el <span style=\"color: #993300;\"><strong>proyecto investigador<\/strong><\/span> presentado por el autor a una <span style=\"color: #993300;\"><strong>oposici\u00f3n de catedr\u00e1tico de universidad<\/strong><\/span> de la Universidad de M\u00e1laga en el \u00e1rea de Ingenier\u00eda de Sistemas y Autom\u00e1tica en julio de 2016, y ha sido <span style=\"color: #993300;\"><strong>actualizado<\/strong><\/span> en las siguientes versiones:<\/p>\n<ul>\n<li><b>v1.0.1 &#8211; marzo de 2019.<\/b> <i> Desc\u00e1rgalo en PDF <a href=\"https:\/\/babel.isa.uma.es\/_utils\/downloads\/logdownloads.php?u=jafma&amp;t=pdf&amp;f=downloads\/jafma\/docencia\/LibroInvestigacionUniversitariav101_marzo2019.pdf\">aqu\u00ed: <img loading=\"lazy\" decoding=\"async\" src=\"http:\/\/babel.isa.uma.es\/jafma\/wp-content\/uploads\/2018\/03\/formatopdf.gif\" alt=\"formatopdf\" width=\"17\" height=\"16\" border=\"0\" \/><\/a> <\/i>(edici\u00f3n del autor; licencia CC)<b><i><br \/>\n<\/i><\/b><\/li>\n<li><b>v1.0.0 &#8211; abril de 2018.<\/b> <i> Desc\u00e1rgalo en PDF <a href=\"https:\/\/babel.isa.uma.es\/_utils\/downloads\/logdownloads.php?u=jafma&amp;t=pdf&amp;f=downloads\/jafma\/docencia\/LibroInvestigacionUniversitariav100_abril2018.pdf\">aqu\u00ed: <img loading=\"lazy\" decoding=\"async\" src=\"http:\/\/babel.isa.uma.es\/jafma\/wp-content\/uploads\/2018\/03\/formatopdf.gif\" alt=\"formatopdf\" width=\"17\" height=\"16\" border=\"0\" \/><\/a> <\/i>(edici\u00f3n del autor; licencia CC)<b><i><br \/>\n<\/i><\/b><\/li>\n<\/ul>\n<p>El grueso del texto, con no demasiados ajustes, deber\u00eda ser aplicable a y \u00fatil para campos cient\u00edficos, instituciones y regiones geogr\u00e1ficas distintas de las del autor.<\/p>\n<p>&nbsp;<\/p>\n<p><strong>\u00cdNDICE DE CONTENIDOS:<\/strong><\/p>\n<div style=\"border: 1px solid black; padding: 8px;\">\n<p align=\"left\"><span style=\"font-family: Latin\\ Modern\\ Roman\\ Caps;\">1 Introducci\u00f3n<br \/>\n<\/span><\/p>\n<p align=\"left\"><span style=\"font-family: Latin\\ Modern\\ Roman\\ Caps;\">2 La carrera investigadora en la universidad<br \/>\n<\/span><\/p>\n<p style=\"padding-left: 30px;\" align=\"left\"><span style=\"font-family: Latin\\ Modern\\ Roman\\ Caps;\">2.1 Pretitulados<br \/>\n<\/span><\/p>\n<p style=\"padding-left: 30px;\" align=\"left\"><span style=\"font-family: Latin\\ Modern\\ Roman\\ Caps;\">2.2 Becarios y contratados de investigaci\u00f3n<br \/>\n<\/span><\/p>\n<p style=\"padding-left: 30px;\" align=\"left\"><span style=\"font-family: Latin\\ Modern\\ Roman\\ Caps;\">2.3 Doctores<br \/>\n<\/span><\/p>\n<p style=\"padding-left: 30px;\" align=\"left\"><span style=\"font-family: Latin\\ Modern\\ Roman\\ Caps;\">2.4 Profesores investigadores<br \/>\n<\/span><\/p>\n<p align=\"left\"><span style=\"font-family: Latin\\ Modern\\ Roman\\ Caps;\">3 Financiaci\u00f3n de la investigaci\u00f3n universitaria<br \/>\n<\/span><\/p>\n<p style=\"padding-left: 30px;\" align=\"left\"><span style=\"font-family: Latin\\ Modern\\ Roman\\ Caps;\">3.1 Financiaci\u00f3n internacional: Uni\u00f3n Europea<br \/>\n<\/span><\/p>\n<p style=\"padding-left: 30px;\" align=\"left\"><span style=\"font-family: Latin\\ Modern\\ Roman\\ Caps;\">3.2 Financiaci\u00f3n estatal<br \/>\n<\/span><\/p>\n<p style=\"padding-left: 30px;\" align=\"left\"><span style=\"font-family: Latin\\ Modern\\ Roman\\ Caps;\">3.3 Financiaci\u00f3n regional: el caso andaluz<br \/>\n<\/span><\/p>\n<p style=\"padding-left: 30px;\" align=\"left\"><span style=\"font-family: Latin\\ Modern\\ Roman\\ Caps;\">3.4 Financiaci\u00f3n local: el caso de la Universidad de M\u00e1laga<br \/>\n<\/span><\/p>\n<p style=\"padding-left: 30px;\" align=\"left\"><span style=\"font-family: Latin\\ Modern\\ Roman\\ Caps;\">3.5 Financiaci\u00f3n privada<br \/>\n<\/span><\/p>\n<p align=\"left\"><span style=\"font-family: Latin\\ Modern\\ Roman\\ Caps;\">4 Producci\u00f3n cient\u00edfica y evaluaci\u00f3n de los investigadores<br \/>\n<\/span><\/p>\n<p style=\"padding-left: 30px;\" align=\"left\"><span style=\"font-family: Latin\\ Modern\\ Roman\\ Caps;\">4.1 Legislaci\u00f3n e instituciones evaluadoras<br \/>\n<\/span><\/p>\n<p style=\"padding-left: 30px;\" align=\"left\"><span style=\"font-family: Latin\\ Modern\\ Roman\\ Caps;\">4.2 Medidas b\u00e1sicas de la calidad investigadora<br \/>\n<\/span><\/p>\n<p style=\"padding-left: 30px;\" align=\"left\"><span style=\"font-family: Latin\\ Modern\\ Roman\\ Caps;\">4.3 Los sexenios de investigaci\u00f3n<br \/>\n<\/span><\/p>\n<p style=\"padding-left: 30px;\" align=\"left\"><span style=\"font-family: Latin\\ Modern\\ Roman\\ Caps;\">4.4 Evaluaci\u00f3n para la promoci\u00f3n<br \/>\n<\/span><\/p>\n<p style=\"padding-left: 60px;\" align=\"left\">4.4.1 El caso de acreditaci\u00f3n a titular de universidad \u2013 nivel B<\/p>\n<p style=\"padding-left: 60px;\" align=\"left\">4.4.2 El caso de acreditaci\u00f3n a catedr\u00e1tico de universidad \u2013 nivel B<\/p>\n<p style=\"padding-left: 30px;\" align=\"left\"><span style=\"font-family: Latin\\ Modern\\ Roman\\ Caps;\">4.5 Conclusiones<br \/>\n<\/span><\/p>\n<p align=\"left\"><span style=\"font-family: Latin\\ Modern\\ Roman\\ Caps;\">Agradecimientos<\/span><\/p>\n<p align=\"left\"><span style=\"font-family: Latin\\ Modern\\ Roman\\ Caps;\">Referencias Bibliogr\u00e1ficas<\/span><\/p>\n<p align=\"left\"><span style=\"font-family: Latin\\ Modern\\ Roman\\ Caps;\">\u00cdndice Alfab\u00e9tico<\/span><\/p>\n<\/div>\n","protected":false},"excerpt":{"rendered":"<p>(only in Spanish) NOTA: Debido a la cantidad continua de cambios en la legislaci\u00f3n que afecta a la carrera del profesor investigador universitario y a la imposibilidad de poder mantener el libro actualizado al mismo ritmo, para lo que ese trabajo deber\u00eda considerarse parte de la jornada laboral, no preveo que pueda producir nuevas versiones. [&hellip;]<\/p>\n","protected":false},"author":1,"featured_media":567,"parent":0,"menu_order":0,"comment_status":"closed","ping_status":"closed","template":"","meta":{"footnotes":""},"class_list":["post-558","page","type-page","status-publish","has-post-thumbnail","hentry"],"_links":{"self":[{"href":"https:\/\/babel.isa.uma.es\/jafma\/index.php\/wp-json\/wp\/v2\/pages\/558"}],"collection":[{"href":"https:\/\/babel.isa.uma.es\/jafma\/index.php\/wp-json\/wp\/v2\/pages"}],"about":[{"href":"https:\/\/babel.isa.uma.es\/jafma\/index.php\/wp-json\/wp\/v2\/types\/page"}],"author":[{"embeddable":true,"href":"https:\/\/babel.isa.uma.es\/jafma\/index.php\/wp-json\/wp\/v2\/users\/1"}],"replies":[{"embeddable":true,"href":"https:\/\/babel.isa.uma.es\/jafma\/index.php\/wp-json\/wp\/v2\/comments?post=558"}],"version-history":[{"count":28,"href":"https:\/\/babel.isa.uma.es\/jafma\/index.php\/wp-json\/wp\/v2\/pages\/558\/revisions"}],"predecessor-version":[{"id":1227,"href":"https:\/\/babel.isa.uma.es\/jafma\/index.php\/wp-json\/wp\/v2\/pages\/558\/revisions\/1227"}],"wp:featuredmedia":[{"embeddable":true,"href":"https:\/\/babel.isa.uma.es\/jafma\/index.php\/wp-json\/wp\/v2\/media\/567"}],"wp:attachment":[{"href":"https:\/\/babel.isa.uma.es\/jafma\/index.php\/wp-json\/wp\/v2\/media?parent=558"}],"curies":[{"name":"wp","href":"https:\/\/api.w.org\/{rel}","templated":true}]}}