{"id":418,"date":"2016-06-30T06:45:29","date_gmt":"2016-06-30T06:45:29","guid":{"rendered":"http:\/\/babel.isa.uma.es\/jafma\/?page_id=418"},"modified":"2024-01-17T17:39:47","modified_gmt":"2024-01-17T17:39:47","slug":"becas-de-investigacion-research-scholarships","status":"publish","type":"page","link":"https:\/\/babel.isa.uma.es\/jafma\/index.php\/investigacion-research\/becas-de-investigacion-research-scholarships\/","title":{"rendered":"Becas de Investigaci\u00f3n-Colaboraci\u00f3n \/ Research-Collaboration Scholarships"},"content":{"rendered":"<ul>\n<li><b>Director de la beca de iniciaci\u00f3n a la investigaci\u00f3n de la Universidad de M\u00e1laga de<\/B> Santiago Asensio Huonder, 01\/02\/2024 &#8211; 31\/07\/2024, para el trabajo en aprendizaje por refuerzo con tiempos de acci\u00f3n variables. <span style=\"color: #339999;\"><b>Supervisor of the research initiation scholarship of the University of M\u00e1laga awarded to<\/b> Santiago Asensio Huonder, february-july 2024, for working on reinforcement learning for mobile robots with variable action times.<\/span> <\/li>\n<li><b>Director de la beca de iniciaci\u00f3n a la investigaci\u00f3n de la Universidad de M\u00e1laga de<\/B> Santiago Asensio Huonder, 01\/02\/2023 &#8211; 31\/07\/2023, para el trabajo en aprendizaje por refuerzo en vivo para robots m\u00f3viles. <span style=\"color: #339999;\"><b>Supervisor of the research initiation scholarship of the University of M\u00e1laga awarded to<\/b> Santiago Asensio Huonder, february-july 2023, for working on physical reinforcement learning for mobile robots.<\/span> <\/li>\n<li><b>Miembro del equipo de la beca FPU convocatoria 2019 de<\/B> Jos\u00e9 Luis Matez Bandera, concedida en julio de 2020. <span style=\"color: #339999;\"><b>Member of the research team of the University Staff Training scholarship awarded to <\/b> Jos\u00e9 Luis Matez Bandera, awarded in july 2020.<\/span> <\/li>\n<li><b>Miembro del equipo de la beca FPU convocatoria 2016 de<\/B> Manuel Castellano Quero, 01\/09\/2017 &#8211; 01\/09\/2021, para el trabajo en inferencia bayesiana para aumentado sensorial y detecci\u00f3n de aver\u00edas en robots m\u00f3viles. <span style=\"color: #339999;\"><b>Member of the research team of the University Staff Training scholarship awarded to <\/b> Manuel Castellano Quero, september 2017-september 2021, for working on sensory augmentation and diagnosis for mobile robots through bayesian inference.<\/span> <\/li>\n<li><b>Director de la beca de iniciaci\u00f3n a la investigaci\u00f3n de la Universidad de M\u00e1laga de<\/B> Sergio Gonz\u00e1lez Muriel, 01\/01\/2019 &#8211; 30\/06\/2019, para el trabajo en aprendizaje por refuerzo para acercamiento de manipuladores m\u00f3viles a objetos. <span style=\"color: #339999;\"><b>Supervisor of the research initiation scholarship of the University of M\u00e1laga awarded to<\/b> Sergio Gonz\u00e1lez-Muriel, january-june of 2019, for working on reinforcement learning for approaching objects by mobile manipulators.<\/span> <\/li>\n<li><b>Director de la beca de iniciaci\u00f3n a la investigaci\u00f3n de la Universidad de M\u00e1laga de<\/B> Alejandro Jurado P\u00e9rez, 01\/01\/2016 &#8211; 30\/06\/2016, para el trabajo en microrrobots como plataforma de investigaci\u00f3n para teleoperaci\u00f3n. <span style=\"color: #339999;\"><b>Supervisor of the research initiation scholarship of the University of M\u00e1laga awarded to<\/b> Alejandro Jurado-P\u00e9rez, january-june of 2016, for working on microrobots as low-cost platforms for research in mobile robot teleoperation.<\/span> <\/li>\n<li><b>Co-director, junto con la Dra. Ana Cruz Mart\u00edn, de la beca de colaboraci\u00f3n concedida a<\/B> Iv\u00e1n Fern\u00e1ndez Vega durante el curso 2015\/2016 para el trabajo en simuladores f\u00edsicamente realistas de robots de servicio. <span style=\"color: #339999;\"><b>Co-Supervisor, with Dr. Ana Cruz-Mart\u00edn, of the colaboration grant awarded to <\/b> Iv\u00e1n Fern\u00e1ndez-Vega in the academic year 2015\/2016 for implementing physically realistic simulations of service mobile robots.<\/span> <\/li>\n<li><b>Co-director, junto con la Dra. Ana Cruz Mart\u00edn, de la beca de colaboraci\u00f3n concedida a<\/B> Charbel Stockmann Dahou durante el curso 2010\/2011 para el trabajo en la extensi\u00f3n sensorial de robots Lego Mindstorms NXT. <span style=\"color: #339999;\"><b>Co-Supervisor, with Dr. Ana Cruz-Mart\u00edn, of the colaboration grant awarded to <\/b> Charbel Stockmann-Dahou in the academic year 2010\/2011 for extending the sensory system of Lego Mindstorms NXT robots.<\/span> <\/li>\n<\/ul>\n","protected":false},"excerpt":{"rendered":"<p>Director de la beca de iniciaci\u00f3n a la investigaci\u00f3n de la Universidad de M\u00e1laga de Santiago Asensio Huonder, 01\/02\/2024 &#8211; 31\/07\/2024, para el trabajo en aprendizaje por refuerzo con tiempos de acci\u00f3n variables. Supervisor of the research initiation scholarship of the University of M\u00e1laga awarded to Santiago Asensio Huonder, february-july 2024, for working on reinforcement [&hellip;]<\/p>\n","protected":false},"author":1,"featured_media":98,"parent":33,"menu_order":0,"comment_status":"closed","ping_status":"closed","template":"","meta":{"footnotes":""},"class_list":["post-418","page","type-page","status-publish","has-post-thumbnail","hentry"],"_links":{"self":[{"href":"https:\/\/babel.isa.uma.es\/jafma\/index.php\/wp-json\/wp\/v2\/pages\/418"}],"collection":[{"href":"https:\/\/babel.isa.uma.es\/jafma\/index.php\/wp-json\/wp\/v2\/pages"}],"about":[{"href":"https:\/\/babel.isa.uma.es\/jafma\/index.php\/wp-json\/wp\/v2\/types\/page"}],"author":[{"embeddable":true,"href":"https:\/\/babel.isa.uma.es\/jafma\/index.php\/wp-json\/wp\/v2\/users\/1"}],"replies":[{"embeddable":true,"href":"https:\/\/babel.isa.uma.es\/jafma\/index.php\/wp-json\/wp\/v2\/comments?post=418"}],"version-history":[{"count":14,"href":"https:\/\/babel.isa.uma.es\/jafma\/index.php\/wp-json\/wp\/v2\/pages\/418\/revisions"}],"predecessor-version":[{"id":954,"href":"https:\/\/babel.isa.uma.es\/jafma\/index.php\/wp-json\/wp\/v2\/pages\/418\/revisions\/954"}],"up":[{"embeddable":true,"href":"https:\/\/babel.isa.uma.es\/jafma\/index.php\/wp-json\/wp\/v2\/pages\/33"}],"wp:featuredmedia":[{"embeddable":true,"href":"https:\/\/babel.isa.uma.es\/jafma\/index.php\/wp-json\/wp\/v2\/media\/98"}],"wp:attachment":[{"href":"https:\/\/babel.isa.uma.es\/jafma\/index.php\/wp-json\/wp\/v2\/media?parent=418"}],"curies":[{"name":"wp","href":"https:\/\/api.w.org\/{rel}","templated":true}]}}