{"id":334,"date":"2016-03-13T19:11:37","date_gmt":"2016-03-13T19:11:37","guid":{"rendered":"http:\/\/babel.isa.uma.es\/jafma\/?page_id=334"},"modified":"2021-10-29T10:16:08","modified_gmt":"2021-10-29T10:16:08","slug":"tesis-doctorales-doctoral-theses","status":"publish","type":"page","link":"https:\/\/babel.isa.uma.es\/jafma\/index.php\/investigacion-research\/tesis-doctorales-doctoral-theses\/","title":{"rendered":"Tesis doctorales \/ Doctoral theses"},"content":{"rendered":"<ul>\n<li><span style=\"color: #ff6600;\">[Terminada \/ Finished]<\/span> Manuel Castellano Quero (PhD on Mechatronics Engineering, International, Suma cum laude &#8211; 22\/10\/2021). <strong>Inference on Bayesian networks for the diagnosis and enhancement of robot sensors.<\/strong> <span style=\"color: #666699;\">Dir.: Dr. Juan-Antonio Fern\u00e1ndez-Madrigal, Dr. Alfonso Garc\u00eda-Cerezo<\/span>.<\/li>\n<li><span style=\"color: #ff6600;\">[Terminada \/ Finished]<\/span> Ana Gago Ben\u00edtez (PhD on Telecommunications Engineering &#8211; 14\/07\/2017). <strong>Regulation of the sensory data flow in networked telerobots<\/strong>. <span style=\"color: #666699;\">Dir.: Dr. Juan-Antonio Fern\u00e1ndez-Madrigal<\/span>.<\/li>\n<li><span style=\"color: #ff6600;\">[Terminada \/ Finished]<\/span> Jos\u00e9-Luis Blanco-Claraco (European PhD in Telecomunications Engineering &#8211; 13\/11\/2009). <strong>Contributions to Localization, Mapping and Navigation in Mobile Robotics<\/strong>. <span style=\"color: #666699;\">Dir.: Javier Gonz\u00e1lez, Juan-Antonio Fern\u00e1ndez-Madrigal<\/span>.\n<ul style=\"list-style-type: none;\">\n<li style=\"border: 1px; border-style: dashed; padding: 8px;\"><span style=\"text-decoration: underline;\">Summa cum laude<\/span><br \/> <em>Premio ABB del Grupo de Rob\u00f3tica del Comit\u00e9 Espa\u00f1ol de Autom\u00e1tica (CEA-IFAC) a la mejor tesis doctoral en rob\u00f3tica del a\u00f1o 2009 (10 de Septiembre 2010)<\/em> \/ National ABB prize for the best PhD thesis in Robotics for the year 2009, by the national group of robotics.<\/li>\n<\/ul>\n<li><span style=\"color: #ff6600;\">[Terminada \/ Finished]<\/span> Cipriano Galindo-Andrades (European PhD in Computer Science &#8211; 29\/05\/2006). <strong>A Multi-Hierarchical Symbolic Model of the Environment for Improving Mobile Robot Operation<\/strong>. <span style=\"color: #666699;\">Dir.: Javier Gonz\u00e1lez, Juan-Antonio Fern\u00e1ndez-Madrigal<\/span>.\n<ul style=\"list-style-type: none;\">\n<li style=\"border: 1px; border-style: dashed; padding: 8px;\"><span style=\"text-decoration: underline;\">Summa cum laude<\/span><br \/><em>Premio Extraordinario de Doctorado de la E.T.S.I.Industriales de la Universidad de M\u00e1laga a las tesis del bienio 2004\/2006 (26 de Febrero de 2007)<\/em> \/ Extraordinary PhD Award of the Electrical Engineering School of the University of M\u00e1laga, 2007.<\/li>\n<\/ul>\n<\/ul>\n","protected":false},"excerpt":{"rendered":"<p>[Terminada \/ Finished] Manuel Castellano Quero (PhD on Mechatronics Engineering, International, Suma cum laude &#8211; 22\/10\/2021). Inference on Bayesian networks for the diagnosis and enhancement of robot sensors. Dir.: Dr. Juan-Antonio Fern\u00e1ndez-Madrigal, Dr. Alfonso Garc\u00eda-Cerezo. [Terminada \/ Finished] Ana Gago Ben\u00edtez (PhD on Telecommunications Engineering &#8211; 14\/07\/2017). Regulation of the sensory data flow in networked [&hellip;]<\/p>\n","protected":false},"author":1,"featured_media":98,"parent":33,"menu_order":0,"comment_status":"closed","ping_status":"closed","template":"","meta":{"footnotes":""},"class_list":["post-334","page","type-page","status-publish","has-post-thumbnail","hentry"],"_links":{"self":[{"href":"https:\/\/babel.isa.uma.es\/jafma\/index.php\/wp-json\/wp\/v2\/pages\/334"}],"collection":[{"href":"https:\/\/babel.isa.uma.es\/jafma\/index.php\/wp-json\/wp\/v2\/pages"}],"about":[{"href":"https:\/\/babel.isa.uma.es\/jafma\/index.php\/wp-json\/wp\/v2\/types\/page"}],"author":[{"embeddable":true,"href":"https:\/\/babel.isa.uma.es\/jafma\/index.php\/wp-json\/wp\/v2\/users\/1"}],"replies":[{"embeddable":true,"href":"https:\/\/babel.isa.uma.es\/jafma\/index.php\/wp-json\/wp\/v2\/comments?post=334"}],"version-history":[{"count":26,"href":"https:\/\/babel.isa.uma.es\/jafma\/index.php\/wp-json\/wp\/v2\/pages\/334\/revisions"}],"predecessor-version":[{"id":826,"href":"https:\/\/babel.isa.uma.es\/jafma\/index.php\/wp-json\/wp\/v2\/pages\/334\/revisions\/826"}],"up":[{"embeddable":true,"href":"https:\/\/babel.isa.uma.es\/jafma\/index.php\/wp-json\/wp\/v2\/pages\/33"}],"wp:featuredmedia":[{"embeddable":true,"href":"https:\/\/babel.isa.uma.es\/jafma\/index.php\/wp-json\/wp\/v2\/media\/98"}],"wp:attachment":[{"href":"https:\/\/babel.isa.uma.es\/jafma\/index.php\/wp-json\/wp\/v2\/media?parent=334"}],"curies":[{"name":"wp","href":"https:\/\/api.w.org\/{rel}","templated":true}]}}