{"id":319,"date":"2016-03-13T18:50:29","date_gmt":"2016-03-13T18:50:29","guid":{"rendered":"http:\/\/babel.isa.uma.es\/jafma\/?page_id=319"},"modified":"2024-10-28T17:18:01","modified_gmt":"2024-10-28T17:18:01","slug":"proyectos-de-investigacion-research-projects","status":"publish","type":"page","link":"https:\/\/babel.isa.uma.es\/jafma\/index.php\/investigacion-research\/proyectos-de-investigacion-research-projects\/","title":{"rendered":"Proyectos de investigaci\u00f3n \/ Research projects"},"content":{"rendered":"<table class=\"tablacontadora\" border=\"0\" cellspacing=\"0\">\n<colgroup><\/colgroup>\n<colgroup><\/colgroup>\n<colgroup><\/colgroup>\n<colgroup><\/colgroup>\n<colgroup><\/colgroup>\n<colgroup><\/colgroup>\n<tbody>\n<tr>\n<td align=\"left\" height=\"17\"><strong>Project<\/strong><\/td>\n<td align=\"left\"><strong>Sponsor<\/strong><\/td>\n<td align=\"left\"><strong>IP<\/strong><\/td>\n<td align=\"left\"><strong>Per. <\/strong><\/td>\n<td align=\"left\"><strong>#<\/strong><\/td>\n<td align=\"left\"><strong>Budget<\/strong><\/td>\n<\/tr>\n<tr>\n<td align=\"left\" height=\"17\"><a href=\"https:\/\/babel.isa.uma.es\/research\/projects\/tyrell\/\">TYRELL: Time-Ready Reinforcement Learning for Robotic Skills and Tasks<\/a><\/td>\n<td align=\"left\">Plan Estatal de Investigaci\u00f3n Cient\u00edfica, T\u00e9cnica, y de Innovaci\u00f3n (PEICTI  2024-2027)<\/td>\n<td align=\"left\">Prof. Juan-Antonio Fern\u00e1ndez-Madrigal, Dr. Juan-Manuel Gandarias-Palacios<\/td>\n<td align=\"left\">01\/09\/2024 a 31\/08\/2028<\/td>\n<td align=\"right\">5<\/td>\n<td align=\"left\">153.375,00 \u20ac<\/td>\n<\/tr>\n<tr>\n<td align=\"left\" height=\"17\">STIFF JAM: Desarrollo de eslabones de rigidez variable mediante jamming para sistemas rob\u00f3ticos blandos<\/td>\n<td align=\"left\">Proyecto JA.B1-02 del Plan Propio de Investigaci\u00f3n de la Universidad de M\u00e1laga &#8211; Ayudas para proyectos dirigidos por j\u00f3venes investigadores<\/td>\n<td align=\"left\">Dr. Juan Manuel Gandarias Palacios<\/td>\n<td align=\"left\">01\/09\/2023 a 01\/09\/2024<\/td>\n<td align=\"right\">4<\/td>\n<td align=\"left\">4.000 \u20ac<\/td>\n<\/tr>\n<tr>\n<td align=\"left\" height=\"17\">Monitorizaci\u00f3n del uso del smartphone para la mejora de las condiciones de seguridad laboral en el sector de la construcci\u00f3n<\/td>\n<td align=\"left\">Proyecto del Plan Propio de Investigaci\u00f3n de la Universidad de M\u00e1laga &#8211; Ayudas para proyectos dirigidos por j\u00f3venes investigadores<\/td>\n<td align=\"left\">Dr. Antonio L\u00f3pez Arquillos<\/td>\n<td align=\"left\">22\/03\/2023 a 22\/03\/2024<\/td>\n<td align=\"right\">11<\/td>\n<td align=\"left\">3.000 \u20ac<\/td>\n<\/tr>\n<tr>\n<td align=\"left\" height=\"17\"><a href=\"https:\/\/babel.isa.uma.es\/rollgrip\/\">Demostrador de aplicaciones de manos rob\u00f3ticas con dedos giratorios<\/a><\/td>\n<td align=\"left\">Proyecto del Plan Andaluz de Investigaci\u00f3n &#8211; Ayudas a actividades de transferencia de conocimiento entre los agentes del sistema andaluz del conocimiento y el tejido productivo<\/td>\n<td align=\"left\">Dr. Jes\u00fas G\u00f3mez de Gabriel, Dr. Juan Antonio Fern\u00e1ndez Madrigal<\/td>\n<td align=\"left\">01\/03\/2022 a 31\/05\/2023<\/td>\n<td align=\"right\">4<\/td>\n<td align=\"left\">45.913,75 \u20ac<\/td>\n<\/tr>\n<tr>\n<td align=\"left\" height=\"17\">Propuesta de sistema inteligente de movilidad laboral para la reducci\u00f3n de los accidentes laborales de tr\u00e1fico<\/td>\n<td align=\"left\">Proyecto B3 del plan propio de la UMA en el \u00e1mbito de las Ciencias Sociales y Jur\u00eddicas<\/td>\n<td align=\"left\">Dr. Antonio L\u00f3pez-Arquillos<\/td>\n<td align=\"left\">14\/01\/2022 a 14\/01\/2023<\/td>\n<td align=\"right\">1<\/td>\n<td align=\"left\">5.000,00 \u20ac<\/td>\n<\/tr>\n<tr>\n<td align=\"left\" height=\"17\"><a href=\"https:\/\/mapir.isa.uma.es\/mapirwebsite\/?p=2474\" target=\"_blank\">Proyecto puente asociado a proyecto de excelencia PY20_00055<\/a><\/td>\n<td align=\"left\">Proyecto B4-2021-12 del plan propio de la UMA asociado al proyecto no financiado &#8220;ReiLeaR&#8221; de la Junta de Andaluc\u00eda<\/td>\n<td align=\"left\">Dr. Juan-Antonio Fern\u00e1ndez-Madrigal<\/td>\n<td align=\"left\">15\/11\/2021 a 15\/11\/2022<\/td>\n<td align=\"right\">1<\/td>\n<td align=\"left\">8.000,00 \u20ac<\/td>\n<\/tr>\n<tr>\n<td align=\"left\" height=\"17\"><a href=\"https:\/\/mapir.isa.uma.es\/mapirwebsite\/?p=2168\" target=\"_blank\">HOUNDBOT: Creaci\u00f3n de mapa de gas y localizaci\u00f3n de fuente con un robot m\u00f3vil<\/a><\/td>\n<td align=\"left\">Proyecto de excelencia de la Junta de Andaluc\u00eda (PY20_01302)<\/td>\n<td align=\"left\">Dr. Javier Gonz\u00e1lez-Jim\u00e9nez<\/td>\n<td align=\"left\">1\/10\/2021 a 1\/10\/2023<\/td>\n<td align=\"right\">6<\/td>\n<td align=\"left\">&#8212; \u20ac<\/td>\n<\/tr>\n<tr>\n<td align=\"left\" height=\"17\"><a href=\"https:\/\/mapir.isa.uma.es\/mapirwebsite\/?p=2162\" target=\"_blank\">Arpeggio &#8211; Percepcion rob\u00f3tica avanzada para Construcci\u00f3n de Mapas y Localizaci\u00f3n<\/a> \/ <a href=\"\" target=\"_blank\">Arpeggio &#8211; Advanced Robotic Perception for Map Building and Localization<\/a><\/td>\n<td align=\"left\">Proyecto del plan estatal de I+D+i 2020 &#8211; Proyecto PID2020-117057GB-I00<\/td>\n<td align=\"left\">Dr. Javier Gonz\u00e1lez Jim\u00e9nez<\/td>\n<td align=\"left\">1\/9\/2021 a 31\/8\/2024<\/td>\n<td align=\"right\">6<\/td>\n<td align=\"left\">99.600,00 \u20ac<\/td>\n<\/tr>\n<tr>\n<td align=\"left\" height=\"17\"><a href=\"https:\/\/mapir.isa.uma.es\/mapirwebsite\/?p=1360\" target=\"_blank\">Garthim \u2013 Aprendizaje por refuerzo en remoto para robots m\u00f3viles conectados a Internet<\/a> \/ <a href=\"https:\/\/mapir.isa.uma.es\/mapirwebsite\/?p=1360\" target=\"_blank\">GARTHIM. Remote Reinforcement Learning for Mobile Robots Connected to Internet<\/a><\/td>\n<td align=\"left\">Proyecto de I+D+i en el marco del Programa Operativo FEDER Andaluc\u00eda 2014-2020, convocatoria 2018 &#8211; Junta de Andaluc\u00eda &#8211; Proyecto UMA18-FEDERJA-113<\/td>\n<td align=\"left\">Dr. Juan Antonio Fern\u00e1ndez Madrigal<\/td>\n<td align=\"left\">15\/11\/2019 a 15\/11\/2021<\/td>\n<td align=\"right\">6<\/td>\n<td align=\"left\">63.353,98 \u20ac<\/td>\n<\/tr>\n<tr>\n<td align=\"left\" height=\"17\"><a href=\"https:\/\/mapir.isa.uma.es\/mapirwebsite\/?p=1546\" target=\"_blank\">WISER: Creaci\u00f3n y explotaci\u00f3n de mapas sem\u00e1nticos por robots m\u00f3viles (DPI2017-84827)<\/a><\/td>\n<td align=\"left\">Ministerio de Ciencia e Innovaci\u00f3n<\/td>\n<td align=\"left\">Dr. Javier Gonz\u00e1lez Jim\u00e9nez<\/td>\n<td align=\"left\">01\/01\/2018 a 01\/01\/2021<\/td>\n<td align=\"right\">5 doctores y 5 no doctores<\/td>\n<td align=\"left\">125000 \u20ac<\/td>\n<\/tr>\n<tr>\n<td align=\"left\" height=\"17\"><a href=\"http:\/\/babel.isa.uma.es\/crumb\" target=\"_blank\">Proyecto puente asociado al proyecto de excelencia TEP-2279<\/a><\/td>\n<td align=\"left\">Universidad de M\u00e1laga<\/td>\n<td align=\"left\">Dr. Juan Antonio Fern\u00e1ndez Madrigal<\/td>\n<td align=\"left\">25\/05\/2015 a 25\/05\/2016<\/td>\n<td align=\"right\">1<\/td>\n<td align=\"left\">4000 \u20ac<\/td>\n<\/tr>\n<tr>\n<td align=\"left\" height=\"17\"><a href=\"https:\/\/mapir.isa.uma.es\/mapirwebsite\/?p=1592\" target=\"_blank\">PROMOVE: Advances in mobile robotics for promoting independent life of elders (DPI2014-55826-R)<\/a><\/td>\n<td align=\"left\">Ministerio de Ciencia e Innovaci\u00f3n<\/td>\n<td align=\"left\">Dr. Javier Gonz\u00e1lez Jim\u00e9nez<\/td>\n<td align=\"left\">01\/01\/2015 a 31\/12\/2017<\/td>\n<td align=\"right\">6<\/td>\n<td align=\"left\">126900 \u20ac<\/td>\n<\/tr>\n<tr>\n<td align=\"left\" height=\"17\"><a href=\"https:\/\/mapir.isa.uma.es\/mapirwebsite\/?p=1604\" target=\"_blank\">Taroth: New devlopments toward a Robot at Home (DPI2011-25483)<\/a><\/td>\n<td align=\"left\">Ministerio de Ciencia e Innovaci\u00f3n<\/td>\n<td align=\"left\">Dr. Javier Gonz\u00e1lez-Jim\u00e9nez<\/td>\n<td align=\"left\">01\/01\/2012 a 31\/12\/2014<\/td>\n<td align=\"right\">5<\/td>\n<td align=\"left\">&#8211;<\/td>\n<\/tr>\n<tr>\n<td align=\"left\" height=\"17\"><a href=\"https:\/\/mapir.isa.uma.es\/mapirwebsite\/?p=1616\" target=\"_blank\">ExCITE: Enabling SoCial Interaction Through Embodiment<\/a><\/td>\n<td align=\"left\">AAL (Ambient Assited Living) Program (UE): Instituto de Salud Carlos III, Univ. Orebro (Suecia), Giraff AB( Suecia), Consiglio Nazionale delle Ricerche ISTC (Italia), RatioConsulta SpA (Italia), \u00d6rebro City Council (Suecia) &#8211; PS09\/02678<\/td>\n<td align=\"left\">(por la Univ. de M\u00e1laga) Dr. Javier Gonz\u00e1lez<\/td>\n<td align=\"left\">01\/07\/2010 a 30\/06\/2013<\/td>\n<td align=\"right\">7<\/td>\n<td align=\"left\">&#8211;<\/td>\n<\/tr>\n<tr>\n<td align=\"left\" height=\"17\"><a href=\"https:\/\/mapir.isa.uma.es\/mapirwebsite\/?p=1515\" target=\"_blank\">Control Remoto \u00d3ptimo y Adaptable de Robots M\u00f3viles con Componentes No Deterministas<\/a> \/ REMOTE OPTIMAL, ADAPTIVE CONTROL OF MOBILE ROBOTS WITH NON-DETERMINISTIC COMPONENTS<\/td>\n<td align=\"left\">Consejer\u00eda de Innovaci\u00f3n, Ciencia y Empresa &#8211; Junta de Andaluc\u00eda (FEDER) &#8211; Proyecto de excelencia P08-TIC-04282<\/td>\n<td align=\"left\">Dr. Juan Antonio Fern\u00e1ndez Madrigal<\/td>\n<td align=\"left\">13\/01\/2009 a 31\/12\/2013<\/td>\n<td align=\"right\">6<\/td>\n<td align=\"left\">161.960 \u20ac<\/td>\n<\/tr>\n<tr>\n<td align=\"left\" height=\"17\"><a href=\"https:\/\/mapir.isa.uma.es\/mapirwebsite\/?p=1632\" target=\"_blank\">Construcci\u00f3n de Mapas Visuales M\u00e9trico-Topol\u00f3gicos en Rob\u00f3tica M\u00f3vil <\/a>\/ CONSTRUCTION OF METRIC-TOPOLOGICAL VISUAL MAPS IN MOBILE ROBOTICS<\/td>\n<td align=\"left\">CICYT- DPI2008-03527<\/td>\n<td align=\"left\">Dr. Javier Gonz\u00e1lez Jim\u00e9nez<\/td>\n<td align=\"left\">01\/01\/2009 a 31\/12\/2011<\/td>\n<td align=\"right\">9<\/td>\n<td align=\"left\">155.400 \u20ac<\/td>\n<\/tr>\n<tr>\n<td align=\"left\" height=\"17\">TELEOPERACI\u00d3N DE MANIPULADORES M\u00d3VILES DOTADOS DE SENSORES T\u00c1CTILES EN ESCENARIOS DE CRISIS<\/td>\n<td align=\"left\">Junta de Andalucia &#8211; Plan Andaluz de Investigacion &#8211; Proyecto de Excelencia &#8211; P06-TEP-01379<\/td>\n<td align=\"left\">Dr. Alfonso Garc\u00eda Cerezo<\/td>\n<td align=\"left\">14\/06\/2007<\/td>\n<td align=\"right\">12<\/td>\n<td align=\"left\">&#8211;<\/td>\n<\/tr>\n<tr>\n<td align=\"left\" height=\"17\">Robots M\u00f3viles Asistentes en Entornos con Presencia Humana \/ Assistant Mobile Robots for Environments with Human Presence<\/td>\n<td align=\"left\">CICYT- DPI2005-01391<\/td>\n<td align=\"left\">Dr. Javier Gonz\u00e1lez Jim\u00e9nez<\/td>\n<td align=\"left\">01\/01\/2006 a 31\/12\/2008<\/td>\n<td align=\"right\">8<\/td>\n<td align=\"left\">126.000 \u20ac<\/td>\n<\/tr>\n<tr>\n<td align=\"left\" height=\"17\">AGAVE: AGV NAVIGATION SYSTEM BASED ON FLEXIBLE AND INNOVATIVE UWB POSITIONING<\/td>\n<td align=\"left\">Uni\u00f3n Europea &#8211; CRAFT Contract n\u00ba COOP-CT-2005-017668: Alemania, Italia, Portugal, Espa\u00f1a<\/td>\n<td align=\"left\">(por la Univ. de M\u00e1laga) Dr. Javier Gonz\u00e1lez<\/td>\n<td align=\"left\">01\/10\/2005 a 28\/02\/2008<\/td>\n<td align=\"right\">4<\/td>\n<td align=\"left\">99.200 \u20ac<\/td>\n<\/tr>\n<tr>\n<td align=\"left\" height=\"17\">EURON II: EUROPEAN ROBOTICS RESEARCH NETWORK<\/td>\n<td align=\"left\">Uni\u00f3n Europea<\/td>\n<td align=\"left\">Dr. Alfonso Garc\u00eda Cerezo<\/td>\n<td align=\"left\">01\/01\/2004<\/td>\n<td align=\"right\">13<\/td>\n<td align=\"left\">&#8211;<\/td>\n<\/tr>\n<tr>\n<td align=\"left\" height=\"17\">Operaci\u00f3n de Robots M\u00f3viles en Grandes Espacios Estructurados \/ Mobile Robot Operation in Large Structured Spaces<\/td>\n<td align=\"left\">CICYT-DPI2002-01319<\/td>\n<td align=\"left\">Dr. Javier Gonz\u00e1lez Jim\u00e9nez<\/td>\n<td align=\"left\">01\/01\/2003 a 31\/12\/2005<\/td>\n<td align=\"right\">8<\/td>\n<td align=\"left\">126.500 \u20ac<\/td>\n<\/tr>\n<tr>\n<td align=\"left\" height=\"17\">Red Tem\u00e1tica en Visi\u00f3n por Computador(REDVISION) \/ Network on Computer Vision (REDVISION)<\/td>\n<td align=\"left\">CICYT-DPI2002-10630-E, Dpto. Ingenier\u00eda de Sistemas y Autom\u00e1tica (DISAM), Grupo Percepci\u00f3n y Rob\u00f3tica ISA-Univ. Malaga<\/td>\n<td align=\"left\">Dr. Rafael Aracil Santonja<\/td>\n<td align=\"left\">01\/01\/2003 a 31\/12\/2003<\/td>\n<td align=\"left\">&#8211;<\/td>\n<td align=\"left\">15.000 \u20ac<\/td>\n<\/tr>\n<tr>\n<td align=\"left\" height=\"17\">Percepci\u00f3n y Modelado del Entorno en Rob\u00f3tica M\u00f3vil \/ Perception and Environment Modeling in Mobile Robotics<\/td>\n<td align=\"left\">CICYT- TAP99-0948<\/td>\n<td align=\"left\">Dr. Javier Gonz\u00e1lez Jim\u00e9nez<\/td>\n<td align=\"left\">01\/01\/2000 a 31\/12\/2002<\/td>\n<td align=\"right\">9<\/td>\n<td align=\"left\">14.000.000 Ptas<\/td>\n<\/tr>\n<tr>\n<td align=\"left\" height=\"17\">Goniofot\u00f3metro para Caracterizaci\u00f3n de Luminarias y C\u00e1lculo Autom\u00e1tico del Flujo Luminoso. Sistema Poliarticulado para situar un Fot\u00f3metro de Forma Relativa a una Fuente de Luz<\/td>\n<td align=\"left\">CICYT-FEDER TYP-1FD97-1584-C02-01, CETECOM S.A. , Dpto. Optica. Universidad de Granada<\/td>\n<td align=\"left\">Dr. V\u00edctor Mu\u00f1oz Mart\u00ednez<\/td>\n<td align=\"left\">01\/01\/2000 a 31\/12\/2002<\/td>\n<td align=\"right\">6<\/td>\n<td align=\"left\">19.259.000 Ptas<\/td>\n<\/tr>\n<tr>\n<td align=\"left\" height=\"17\">Sistema de Navegaci\u00f3n Aut\u00f3noma y Operaci\u00f3n para un Robot M\u00f3vil equipado con un Manipulador \/ Autonomous Navigation and Operation System for a Mobile Robot with a Manipulator<\/td>\n<td align=\"left\">CICYT- TAP96-0763<\/td>\n<td align=\"left\">Dr. Javier Gonz\u00e1lez Jim\u00e9nez<\/td>\n<td align=\"left\">01\/01\/1997 a 31\/12\/1999<\/td>\n<td align=\"right\">11<\/td>\n<td align=\"left\">14.400.000 Ptas<\/td>\n<\/tr>\n<tr>\n<td align=\"left\" height=\"17\">Desarrollo e Implantaci\u00f3n de un Sistema de Navegaci\u00f3n Aut\u00f3noma y Operaci\u00f3n para un Robot M\u00f3vil equipado con un Manipulador \/ Development and Implementation of an Autonomous Navigation and Operation System for a Mobile Robot Equipped with a Manipulator<\/td>\n<td align=\"left\">CICYT- TAP95-0775-E<\/td>\n<td align=\"left\">Dr. Javier Gonz\u00e1lez Jim\u00e9nez<\/td>\n<td align=\"left\">01\/01\/1996 a 31\/12\/1996<\/td>\n<td align=\"right\">11<\/td>\n<td align=\"left\">4.500.000 Ptas<\/td>\n<\/tr>\n<\/tbody>\n<\/table>\n","protected":false},"excerpt":{"rendered":"<p>Project Sponsor IP Per. # Budget TYRELL: Time-Ready Reinforcement Learning for Robotic Skills and Tasks Plan Estatal de Investigaci\u00f3n Cient\u00edfica, T\u00e9cnica, y de Innovaci\u00f3n (PEICTI 2024-2027) Prof. Juan-Antonio Fern\u00e1ndez-Madrigal, Dr. Juan-Manuel Gandarias-Palacios 01\/09\/2024 a 31\/08\/2028 5 153.375,00 \u20ac STIFF JAM: Desarrollo de eslabones de rigidez variable mediante jamming para sistemas rob\u00f3ticos blandos Proyecto JA.B1-02 del [&hellip;]<\/p>\n","protected":false},"author":1,"featured_media":98,"parent":33,"menu_order":0,"comment_status":"closed","ping_status":"closed","template":"","meta":{"footnotes":""},"class_list":["post-319","page","type-page","status-publish","has-post-thumbnail","hentry"],"_links":{"self":[{"href":"https:\/\/babel.isa.uma.es\/jafma\/index.php\/wp-json\/wp\/v2\/pages\/319"}],"collection":[{"href":"https:\/\/babel.isa.uma.es\/jafma\/index.php\/wp-json\/wp\/v2\/pages"}],"about":[{"href":"https:\/\/babel.isa.uma.es\/jafma\/index.php\/wp-json\/wp\/v2\/types\/page"}],"author":[{"embeddable":true,"href":"https:\/\/babel.isa.uma.es\/jafma\/index.php\/wp-json\/wp\/v2\/users\/1"}],"replies":[{"embeddable":true,"href":"https:\/\/babel.isa.uma.es\/jafma\/index.php\/wp-json\/wp\/v2\/comments?post=319"}],"version-history":[{"count":38,"href":"https:\/\/babel.isa.uma.es\/jafma\/index.php\/wp-json\/wp\/v2\/pages\/319\/revisions"}],"predecessor-version":[{"id":1208,"href":"https:\/\/babel.isa.uma.es\/jafma\/index.php\/wp-json\/wp\/v2\/pages\/319\/revisions\/1208"}],"up":[{"embeddable":true,"href":"https:\/\/babel.isa.uma.es\/jafma\/index.php\/wp-json\/wp\/v2\/pages\/33"}],"wp:featuredmedia":[{"embeddable":true,"href":"https:\/\/babel.isa.uma.es\/jafma\/index.php\/wp-json\/wp\/v2\/media\/98"}],"wp:attachment":[{"href":"https:\/\/babel.isa.uma.es\/jafma\/index.php\/wp-json\/wp\/v2\/media?parent=319"}],"curies":[{"name":"wp","href":"https:\/\/api.w.org\/{rel}","templated":true}]}}