{"id":2,"date":"2016-03-12T17:53:07","date_gmt":"2016-03-12T17:53:07","guid":{"rendered":"http:\/\/babel.isa.uma.es\/jafma\/?page_id=2"},"modified":"2025-10-22T09:58:40","modified_gmt":"2025-10-22T09:58:40","slug":"sample-page","status":"publish","type":"page","link":"https:\/\/babel.isa.uma.es\/jafma\/","title":{"rendered":"Academic Info"},"content":{"rendered":"<hr \/>\n<h5>Full Professor \/ <em>Catedr\u00e1tico de universidad<\/em><br \/>\nPhD in Computer Science \/ <em>Dr. Ingeniero en Inform\u00e1tica<\/em><\/h5>\n<p>\u00b7 Machine Perception and Intelligent Robotics Group <a href=\"http:\/\/mapir.isa.uma.es\" target=\"_blank\" rel=\"noopener\">(MAPIR; PAIDI TEP960)<\/a><br \/>\n\u00b7 Systems Engineering and Automation Dpt. <a href=\"http:\/\/www.isa.uma.es\" target=\"_blank\" rel=\"noopener\">(ISA)<\/a><br \/>\n\u00b7 Institute for the Research on <a href=\"https:\/\/www.uma.es\/i3msc\/\" target=\"_blank\" rel=\"noopener\">Mechatronic Engineering and Cyberphysical Systems<\/a><br \/>\n\u00b7 University of M\u00e1laga &#8211; Spain <a href=\"http:\/\/www.uma.es\" target=\"_blank\" rel=\"noopener\">(UMA)<\/a><br \/>\n<span style=\"font-size: 10px;\">\u00b7 Adscripci\u00f3n: E.T.S.I. Industriales &#8211; hasta 2003; E.T.S.I. Inform\u00e1tica &#8211; 2003 a 2016; E.T.S.I. Telecomunicaci\u00f3n &#8211; desde 26\/5\/2016.<\/span><\/p>\n<div><\/div>\n<div>\n<p><a href=\"https:\/\/etsit.cv.uma.es\/course\/view.php?id=4331\" rel=\"noopener\"><img decoding=\"async\" class=\"wp-image-829\" src=\"https:\/\/babel.isa.uma.es\/jafma\/wp-content\/uploads\/2021\/11\/office.png\" alt=\"\" width=\"36\" \/> [Despacho virtual]<\/a><\/p>\n<\/div>\n<div>\n<div><a href=\"https:\/\/orcid.org\/0000-0003-1376-7967\">ORCID<\/a>, <a href=\"https:\/\/www.webofscience.com\/wos\/author\/record\/D-5871-2011\">Thomson&#8217;s ResearcherID<\/a>, <a href=\"http:\/\/scholar.google.es\/citations?hl=es&amp;user=k--DXv8AAAAJ\">Google Scholar*<\/a>, <a href=\"http:\/\/www.scopus.com\/authid\/detail.url?authorId=6507644323\">Scopus<\/a>, <a href=\"http:\/\/www.researchgate.net\/profile\/J-A_Fernandez-Madrigal\">ResearchGate<\/a>, <a href=\"http:\/\/es.linkedin.com\/pub\/juan-antonio-fern%C3%A1ndez-madrigal\/26\/a34\/b87\">LinkedIn<\/a>. (*) -&gt; up-to-date guaranteed. A quite up-to-date CV is <a href=\"https:\/\/cvn.fecyt.es\/editor\/cvnOnline\/0000-0003-1376-7967\">here<\/a>. The University of M\u00e1laga maintains a quite complete collection of my teaching\/researching work <a href=\"https:\/\/portaldelainvestigacion.uma.es\/investigadores\/1241641\/detalle\">here<\/a>.<\/div>\n<\/div>\n<div><\/div>\n<blockquote><p>Born in <a href=\"http:\/\/en.wikipedia.org\/wiki\/C%C3%B3rdoba,_Andalusia\" target=\"_blank\" rel=\"noopener\">C\u00f3rdoba (Spain)<\/a>, 1970, I started my academic career at the University of <a href=\"http:\/\/en.wikipedia.org\/wiki\/M%C3%A1laga\" target=\"_blank\" rel=\"noopener\">M\u00e1laga<\/a> in 1996, after my MSc degree in Computer Science (1994) and a short (and very very low) position in a real-state developer. I got a pre-doctoral grant by the Spanish government for the time interval [1996,1999], during which I worked in my thesis. In the summer of 1998 I did a stay under the supervision of Prof. Ben J. Kuipers in the Computer Science Dpt. of the University of Texas at <a href=\"http:\/\/en.wikipedia.org\/wiki\/Austin\" target=\"_blank\" rel=\"noopener\">Austin<\/a> (US), where I learned a little bit of that dark Middle-Earth dialect that is spoken in the state that you should not mess with (and how to look for shelter from tornados!). I obtained the PhD degree in Computer Science in 2000, an assistant professor position a few months after that, and a tenure as associate professor three years later. In october 2016 I got a full professor position in the University of M\u00e1laga. During these years I have been teaching on Real-Time, Robotics and Control Systems Engineering, developing robotic software, and exploring a number of lines of research mostly related to intelligent robotics (lately resuming my previous Cognitive Robotics work thanks to a stay in the <a href=\"https:\/\/www.plymouth.ac.uk\/research\/robotics-neural-systems\" target=\"_blank\" rel=\"noopener\">CRNS, UK<\/a>). I have also perceived the beginning of a monotonic decreasing path towards the most absolute absence of actual knowledge, but in spite of that I have supervised several PhD theses on Robotics, have participated in regional, national and European research projects (which has not alleviated the knowledge problem), and have a bunch of patents. I have at present around 110 scientific papers and three international books, and have acted as the principal researcher in some projects. My current (non-linear, time-varying) personal interests include <a href=\"http:\/\/literaria.jafma.net\" target=\"_blank\" rel=\"noopener\">writing<\/a> (10 sci-fi books and more than 100 short stories published in Spanish), programming, drawing, and building robots, among other one thousand things I expect to begin after my retirement at the age of 90, when I have again some free time.<\/p><\/blockquote>\n","protected":false},"excerpt":{"rendered":"<p>Full Professor \/ Catedr\u00e1tico de universidad PhD in Computer Science \/ Dr. Ingeniero en Inform\u00e1tica \u00b7 Machine Perception and Intelligent Robotics Group (MAPIR; PAIDI TEP960) \u00b7 Systems Engineering and Automation Dpt. (ISA) \u00b7 Institute for the Research on Mechatronic Engineering and Cyberphysical Systems \u00b7 University of M\u00e1laga &#8211; Spain (UMA) \u00b7 Adscripci\u00f3n: E.T.S.I. Industriales &#8211; [&hellip;]<\/p>\n","protected":false},"author":1,"featured_media":377,"parent":0,"menu_order":0,"comment_status":"closed","ping_status":"open","template":"","meta":{"footnotes":""},"class_list":["post-2","page","type-page","status-publish","has-post-thumbnail","hentry"],"_links":{"self":[{"href":"https:\/\/babel.isa.uma.es\/jafma\/index.php\/wp-json\/wp\/v2\/pages\/2"}],"collection":[{"href":"https:\/\/babel.isa.uma.es\/jafma\/index.php\/wp-json\/wp\/v2\/pages"}],"about":[{"href":"https:\/\/babel.isa.uma.es\/jafma\/index.php\/wp-json\/wp\/v2\/types\/page"}],"author":[{"embeddable":true,"href":"https:\/\/babel.isa.uma.es\/jafma\/index.php\/wp-json\/wp\/v2\/users\/1"}],"replies":[{"embeddable":true,"href":"https:\/\/babel.isa.uma.es\/jafma\/index.php\/wp-json\/wp\/v2\/comments?post=2"}],"version-history":[{"count":90,"href":"https:\/\/babel.isa.uma.es\/jafma\/index.php\/wp-json\/wp\/v2\/pages\/2\/revisions"}],"predecessor-version":[{"id":1261,"href":"https:\/\/babel.isa.uma.es\/jafma\/index.php\/wp-json\/wp\/v2\/pages\/2\/revisions\/1261"}],"wp:featuredmedia":[{"embeddable":true,"href":"https:\/\/babel.isa.uma.es\/jafma\/index.php\/wp-json\/wp\/v2\/media\/377"}],"wp:attachment":[{"href":"https:\/\/babel.isa.uma.es\/jafma\/index.php\/wp-json\/wp\/v2\/media?parent=2"}],"curies":[{"name":"wp","href":"https:\/\/api.w.org\/{rel}","templated":true}]}}