{"id":187,"date":"2016-03-13T12:49:23","date_gmt":"2016-03-13T12:49:23","guid":{"rendered":"http:\/\/babel.isa.uma.es\/jafma\/?page_id=187"},"modified":"2020-02-11T15:06:17","modified_gmt":"2020-02-11T15:06:17","slug":"patentes-patents","status":"publish","type":"page","link":"https:\/\/babel.isa.uma.es\/jafma\/index.php\/investigacion-research\/patentes-patents\/","title":{"rendered":"Patentes \/ Patents"},"content":{"rendered":"<ol reversed=\"\">\n<li>Juan Antonio Fern\u00e1ndez Madrigal, Andr\u00e9s G\u00f3ngora Gonz\u00e1lez, Ana Mar\u00eda Cruz Mart\u00edn, Vicente Ar\u00e9valo Espejo, Cipriano Galindo Andrades, Javier Gonz\u00e1lez Monroy, Carlos S\u00e1nchez Garrido (solicitada 08\/10\/2016, concedida 02\/01\/2018). <strong><a href=\"http:\/\/umapatent.uma.es\/es\/patent\/dispositivo-electronico-educativo-para-la-ensa56\/\" target=\"_blank\">Dispositivo electr\u00f3nico educativo para la ense\u00f1anza en la ingenier\u00eda<\/a> \/ Educational electronic device for teaching in engineering<\/strong>. P201600861 | ES2622734. Universidad de M\u00e1laga. <strong>STATUS<\/strong>: EXAMEN FORMAL \/ FORMAL EXAM.<\/li>\n<li>\u00c1ngel Mart\u00ednez Tenor, Juan Antonio Fernandez Madrigal, Ana Maria Cruz Martin, Ana Gago Ben\u00edtez, Rafael Asenjo Plaza, Maria Angeles Gonzalez Navarro (solicitada 31\/10\/2014, concedida 11\/05\/2016). <strong><a href=\"http:\/\/umapatent.uma.es\/es\/patent\/metodos-implementados-en-computador-y-sistema75e\/\" target=\"_blank\">M\u00e9todos implementados en computador y sistemas inform\u00e1ticos de activaci\u00f3n y desactivaci\u00f3n autom\u00e1ticas de transmisiones concurrentes de datos entre dispositivos conectados a una red<\/a> \/ Methods implemented in a computer and computer systems for the automatic activation and deactivation of concurrent data transmissions between network connected devices<\/strong>. P201400877 | ES2550728. Universidad de M\u00e1laga. <strong>STATUS<\/strong>: EXAMEN FORMAL Y EXAMEN PREVIO \/ FORMAL AND PREVIOUS EXAMS.<\/li>\n<li>Juan Antonio Fernandez Madrigal, Ana Gago Ben\u00edtez, Ana Maria Cruz Martin, \u00c1ngel Mart\u00ednez Tenor, Rafael Asenjo Plaza, Maria Angeles Gonzalez Navarro (solicitada 31\/10\/2014, concedida 02\/09\/2016). <strong><a href=\"http:\/\/umapatent.uma.es\/es\/patent\/metodos-implementados-en-computador-y-sistemab00\/\" target=\"_blank\">M\u00e9todos implementados en computador y sistemas inform\u00e1ticos de regulaci\u00f3n autom\u00e1tica de la cantidad de datos transmitidos entre dispositivos conectados a una red<\/a> \/ Computer methods and automatic information systems for the regulation of the amount of data transmitted among networked devices<\/strong>. P201400876 | ES2565878. Universidad de M\u00e1laga. <strong>STATUS<\/strong>: EXAMEN FORMAL Y EXAMEN PREVIO \/ FORMAL AND PREVIOUS EXAMS.<\/li>\n<li>Javier Gonz\u00e1lez Jim\u00e9nez, Juan Miguel L\u00f3pez Fern\u00e1ndez, Cipriano Galindo Andrades, Vicente Ar\u00e9valo Espejo, Jos\u00e9 Luis Blanco Claraco, Juan Antonio Fern\u00e1ndez Madrigal, Gregorio Ambrosio Cestero\u00a0(19\/08\/2009). <strong><a href=\"http:\/\/umapatent.uma.es\/es\/patent\/dispositivo-movil-para-identificar-vehiculosc17\/\" target=\"_blank\">Dispositivo m\u00f3vil compacto para la identificaci\u00f3n de veh\u00edculos y gesti\u00f3n integral in-situ de estacionamientos<\/a> \/ Compact mobile device for vehicle identification and integral on-site parking management<\/strong>. P200701191 | ES2308920. Universidad de M\u00e1laga. <strong>STATUS<\/strong>: EXAMEN FORMAL \/ FORMAL EXAM.<\/li>\n<li>Javier Gonz\u00e1lez Jim\u00e9nez, Antonio J. Mu\u00f1oz Ram\u00edrez, Juan A. Fern\u00e1ndez Madrigal, Cipriano Galindo Andrades, Jos\u00e9 Lu\u00eds Blanco Claraco, Vicente M. Ar\u00e9valo Espejo\u00a0(08\/01\/2009). <strong><a href=\"http:\/\/umapatent.uma.es\/es\/patent\/silla-de-ruedas-robotizada-y-personalizable670\/\" target=\"_blank\">Silla de ruedas robotizada y personalizable \/ Robotic and customizable wheelchair<\/a><\/strong>. P200602571 | ES2296542. Universidad de M\u00e1laga. <strong>STATUS<\/strong>: EXAMEN FORMAL Y EXAMEN PREVIO \/ FORMAL AND PREVIOUS EXAMS.<\/li>\n<li>Jorge L. Mart\u00ednez, Javier Gonz\u00e1lez, Mar\u00eda A. Mart\u00ednez, V\u00edctor Mu\u00f1oz, Antonio Reina, Juan A. Fern\u00e1ndez, Antonio Mu\u00f1oz, An\u00edbal Ollero, Antonio Sim\u00f3n (01\/06\/2004). <strong>Veh\u00edculo Rob\u00f3tico con Capacidad de Navegaci\u00f3n Aut\u00f3noma con Brazo Articulado para la Manipulaci\u00f3n Remota de Objetos \/ Robotic Vehicle with Autonomous Navigation Capability and an Articulated Arm for Remote Object Manipulation<\/strong>. P200102488 | ES2188411. Universidad de M\u00e1laga. <strong>STATUS<\/strong>: EXAMEN FORMAL \/ FORMAL EXAM.\n<ul style=\"list-style-type: none; margin-top: 8px;\">\n<li style=\"border: 1px; border-style: dashed; border-color: #771100; padding: 8px;\"><em><span style=\"color: #771100;\">This patent was awarded in Oct. 9, 2004 with the <strong>prize to the best idea on manipulator robots<\/strong> by the Technical Committee of the <a href=\"http:\/\/www.inventoseinventores.com\/\" target=\"_blank\">Club of Spanish Inventors<\/a>.<\/span><\/em><\/li>\n<\/ul>\n<\/li>\n<\/ol>\n","protected":false},"excerpt":{"rendered":"<p>Juan Antonio Fern\u00e1ndez Madrigal, Andr\u00e9s G\u00f3ngora Gonz\u00e1lez, Ana Mar\u00eda Cruz Mart\u00edn, Vicente Ar\u00e9valo Espejo, Cipriano Galindo Andrades, Javier Gonz\u00e1lez Monroy, Carlos S\u00e1nchez Garrido (solicitada 08\/10\/2016, concedida 02\/01\/2018). Dispositivo electr\u00f3nico educativo para la ense\u00f1anza en la ingenier\u00eda \/ Educational electronic device for teaching in engineering. P201600861 | ES2622734. Universidad de M\u00e1laga. STATUS: EXAMEN FORMAL \/ FORMAL [&hellip;]<\/p>\n","protected":false},"author":1,"featured_media":98,"parent":33,"menu_order":0,"comment_status":"closed","ping_status":"closed","template":"","meta":{"footnotes":""},"class_list":["post-187","page","type-page","status-publish","has-post-thumbnail","hentry"],"_links":{"self":[{"href":"https:\/\/babel.isa.uma.es\/jafma\/index.php\/wp-json\/wp\/v2\/pages\/187"}],"collection":[{"href":"https:\/\/babel.isa.uma.es\/jafma\/index.php\/wp-json\/wp\/v2\/pages"}],"about":[{"href":"https:\/\/babel.isa.uma.es\/jafma\/index.php\/wp-json\/wp\/v2\/types\/page"}],"author":[{"embeddable":true,"href":"https:\/\/babel.isa.uma.es\/jafma\/index.php\/wp-json\/wp\/v2\/users\/1"}],"replies":[{"embeddable":true,"href":"https:\/\/babel.isa.uma.es\/jafma\/index.php\/wp-json\/wp\/v2\/comments?post=187"}],"version-history":[{"count":45,"href":"https:\/\/babel.isa.uma.es\/jafma\/index.php\/wp-json\/wp\/v2\/pages\/187\/revisions"}],"predecessor-version":[{"id":684,"href":"https:\/\/babel.isa.uma.es\/jafma\/index.php\/wp-json\/wp\/v2\/pages\/187\/revisions\/684"}],"up":[{"embeddable":true,"href":"https:\/\/babel.isa.uma.es\/jafma\/index.php\/wp-json\/wp\/v2\/pages\/33"}],"wp:featuredmedia":[{"embeddable":true,"href":"https:\/\/babel.isa.uma.es\/jafma\/index.php\/wp-json\/wp\/v2\/media\/98"}],"wp:attachment":[{"href":"https:\/\/babel.isa.uma.es\/jafma\/index.php\/wp-json\/wp\/v2\/media?parent=187"}],"curies":[{"name":"wp","href":"https:\/\/api.w.org\/{rel}","templated":true}]}}