{"id":166,"date":"2016-03-13T12:31:33","date_gmt":"2016-03-13T12:31:33","guid":{"rendered":"http:\/\/babel.isa.uma.es\/jafma\/?page_id=166"},"modified":"2022-12-03T18:48:41","modified_gmt":"2022-12-03T18:48:41","slug":"practicums-y-practicas-en-empresa","status":"publish","type":"page","link":"https:\/\/babel.isa.uma.es\/jafma\/index.php\/docencia-teaching\/practicums-y-practicas-en-empresa\/","title":{"rendered":"Pr\u00e1cticums y Pr\u00e1cticas en Empresa"},"content":{"rendered":"<p><b>23<\/b> trabajos tutorizados en total.<\/p>\n<table class=\"tablacontadora\" border=\"0\" cellspacing=\"0\">\n<colgroup><\/colgroup>\n<colgroup><\/colgroup>\n<colgroup><\/colgroup>\n<colgroup><\/colgroup>\n<tbody>\n<tr>\n<td align=\"left\" height=\"17\"><strong>Empresa<\/strong><\/td>\n<td align=\"left\"><strong>Tipo<\/strong><\/td>\n<td align=\"left\"><strong>Alumno<\/strong><\/td>\n<td align=\"left\"><strong>Fecha<\/strong><\/td>\n<\/tr>\n<tr>\n<td align=\"left\" height=\"17\">SAFA motor<\/td>\n<td align=\"left\">Pr\u00e1cticas externas<\/td>\n<td align=\"left\">Guillermo Castillo Moral<\/td>\n<td align=\"left\">01\/07\/2022<\/td>\n<\/tr>\n<tr>\n<td align=\"left\" height=\"17\">Plytix<\/td>\n<td align=\"left\">Pr\u00e1cticas externas<\/td>\n<td align=\"left\">Jos\u00e9 Antonio Archilla Manzano<\/td>\n<td align=\"left\">13\/06\/2022<\/td>\n<\/tr>\n<tr>\n<td align=\"left\" height=\"17\">Plytix<\/td>\n<td align=\"left\">Pr\u00e1cticas externas<\/td>\n<td align=\"left\">Adri\u00e1n Corrales Moreno<\/td>\n<td align=\"left\">13\/06\/2022<\/td>\n<\/tr>\n<tr>\n<td align=\"left\" height=\"17\">Indra<\/td>\n<td align=\"left\">Pr\u00e1cticas externas<\/td>\n<td align=\"left\">Miguel \u00c1ngel Ruiz G\u00f3mez<\/td>\n<td align=\"left\">01\/07\/2021<\/td>\n<\/tr>\n<tr>\n<td align=\"left\" height=\"17\">Ingenia<\/td>\n<td align=\"left\">Pr\u00e1cticas externas<\/td>\n<td align=\"left\">Sergio Mart\u00edn-Albo Mart\u00edn<\/td>\n<td align=\"left\">01\/07\/2021<\/td>\n<\/tr>\n<tr>\n<td align=\"left\" height=\"17\">Ingenia<\/td>\n<td align=\"left\">Pr\u00e1cticas externas<\/td>\n<td align=\"left\">\u00c1lvaro Manuel Aparicio Morales<\/td>\n<td align=\"left\">01\/07\/2021<\/td>\n<\/tr>\n<tr>\n<td align=\"left\" height=\"17\">Genera Internet Technologies S.L.<\/td>\n<td align=\"left\">Pr\u00e1cticas externas<\/td>\n<td align=\"left\">Miguel Garc\u00eda Mart\u00edn<\/td>\n<td align=\"left\">03\/09\/2020<\/td>\n<\/tr>\n<tr>\n<td align=\"left\" height=\"17\">Idneo Technologies, S.A.U.<\/td>\n<td align=\"left\">Pr\u00e1cticas externas<\/td>\n<td align=\"left\">Sa\u00fal Cabeza Salmer\u00f3n<\/td>\n<td align=\"left\">31\/08\/2020<\/td>\n<\/tr>\n<tr>\n<td align=\"left\" height=\"17\">Cemosa<\/td>\n<td align=\"left\">Pr\u00e1cticas externas<\/td>\n<td align=\"left\">Ver\u00f3nica Vigaray Ju\u00e1rez<\/td>\n<td align=\"left\">25\/06\/2019<\/td>\n<\/tr>\n<tr>\n<td align=\"left\" height=\"17\">Cemosa<\/td>\n<td align=\"left\">Pr\u00e1cticas externas<\/td>\n<td align=\"left\">Otman Zitan<\/td>\n<td align=\"left\">25\/06\/2019<\/td>\n<\/tr>\n<tr>\n<td align=\"left\" height=\"17\">Grupo TIC-125 &#8211; Universidad de M\u00e1laga<\/td>\n<td align=\"left\">Pr\u00e1cticas externas<\/td>\n<td align=\"left\">Gema Urbanos Garc\u00eda<\/td>\n<td align=\"left\">25\/06\/2018<\/td>\n<\/tr>\n<tr>\n<td align=\"left\" height=\"17\">Grupo TIC-125 &#8211; Universidad de M\u00e1laga<\/td>\n<td align=\"left\">Pr\u00e1cticas externas<\/td>\n<td align=\"left\">Manuel R\u00edos Galacho<\/td>\n<td align=\"left\">25\/06\/2018<\/td>\n<\/tr>\n<tr>\n<td align=\"left\" height=\"17\">Grupo TIC-125 &#8211; Universidad de M\u00e1laga<\/td>\n<td align=\"left\">Pr\u00e1cticas externas<\/td>\n<td align=\"left\">Pablo Wilczynski Garc\u00eda<\/td>\n<td align=\"left\">25\/06\/2018<\/td>\n<\/tr>\n<tr>\n<td align=\"left\" height=\"17\">Yerbabuena Software<\/td>\n<td align=\"left\">Pr\u00e1cticas externas<\/td>\n<td align=\"left\">Juan Luis Rodr\u00edguez<\/td>\n<td align=\"left\">09\/07\/2015<\/td>\n<\/tr>\n<tr>\n<td align=\"left\" height=\"17\">ABAX Solutions<\/td>\n<td align=\"left\">Pr\u00e1cticas externas<\/td>\n<td align=\"left\">Antonio Vidal Carrasco<\/td>\n<td align=\"left\">24\/06\/2014<\/td>\n<\/tr>\n<tr>\n<td align=\"left\" height=\"17\">Grupo ACT<\/td>\n<td align=\"left\">Pr\u00e1cticum<\/td>\n<td align=\"left\">Mario Ferreira Vilanova<\/td>\n<td align=\"left\">21\/02\/2013<\/td>\n<\/tr>\n<tr>\n<td align=\"left\" height=\"17\">Centro Andaluz de Prospectiva<\/td>\n<td align=\"left\">Pr\u00e1cticas en empresa<\/td>\n<td align=\"left\">Nicol\u00e1s Jes\u00fas Gil Ruiz<\/td>\n<td align=\"left\">31\/07\/2012<\/td>\n<\/tr>\n<tr>\n<td align=\"left\" height=\"17\">Ingenia<\/td>\n<td align=\"left\">Pr\u00e1cticum<\/td>\n<td align=\"left\">Bernardo Palenciano Vizca\u00edno<\/td>\n<td align=\"left\">01\/02\/2010<\/td>\n<\/tr>\n<tr>\n<td align=\"left\" height=\"17\">Tedial S.L.<\/td>\n<td align=\"left\">Pr\u00e1cticas en empresas<\/td>\n<td align=\"left\">David Gallego Chac\u00f3n<\/td>\n<td align=\"left\">26\/03\/2008<\/td>\n<\/tr>\n<tr>\n<td align=\"left\" height=\"17\">CORITEL<\/td>\n<td align=\"left\">Pr\u00e1cticum<\/td>\n<td align=\"left\">Jorge Antonio Manrique Gonz\u00e1lez<\/td>\n<td align=\"left\">01\/03\/2007<\/td>\n<\/tr>\n<tr>\n<td align=\"left\" height=\"17\">Thomson Telecom Espa\u00f1a S.A.U.<\/td>\n<td align=\"left\">Pr\u00e1cticum<\/td>\n<td align=\"left\">Daniel Jim\u00e9nez Garc\u00eda<\/td>\n<td align=\"left\">08\/03\/2006<\/td>\n<\/tr>\n<tr>\n<td align=\"left\" height=\"17\">Cetecom S.A.<\/td>\n<td align=\"left\">Pr\u00e1cticas en empresas<\/td>\n<td align=\"left\">Miguel \u00c1ngel Zafra Repiso<\/td>\n<td align=\"left\">30\/01\/2006<\/td>\n<\/tr>\n<tr>\n<td align=\"left\" height=\"17\">Tedial S.L.<\/td>\n<td align=\"left\">Pr\u00e1cticum<\/td>\n<td align=\"left\">Carlos Rodr\u00edguez Ruiz<\/td>\n<td align=\"left\">21\/01\/2005<\/td>\n<\/tr>\n<\/tbody>\n<\/table>\n","protected":false},"excerpt":{"rendered":"<p>23 trabajos tutorizados en total. Empresa Tipo Alumno Fecha SAFA motor Pr\u00e1cticas externas Guillermo Castillo Moral 01\/07\/2022 Plytix Pr\u00e1cticas externas Jos\u00e9 Antonio Archilla Manzano 13\/06\/2022 Plytix Pr\u00e1cticas externas Adri\u00e1n Corrales Moreno 13\/06\/2022 Indra Pr\u00e1cticas externas Miguel \u00c1ngel Ruiz G\u00f3mez 01\/07\/2021 Ingenia Pr\u00e1cticas externas Sergio Mart\u00edn-Albo Mart\u00edn 01\/07\/2021 Ingenia Pr\u00e1cticas externas \u00c1lvaro Manuel Aparicio Morales 01\/07\/2021 [&hellip;]<\/p>\n","protected":false},"author":1,"featured_media":95,"parent":81,"menu_order":0,"comment_status":"closed","ping_status":"closed","template":"","meta":{"footnotes":""},"class_list":["post-166","page","type-page","status-publish","has-post-thumbnail","hentry"],"_links":{"self":[{"href":"https:\/\/babel.isa.uma.es\/jafma\/index.php\/wp-json\/wp\/v2\/pages\/166"}],"collection":[{"href":"https:\/\/babel.isa.uma.es\/jafma\/index.php\/wp-json\/wp\/v2\/pages"}],"about":[{"href":"https:\/\/babel.isa.uma.es\/jafma\/index.php\/wp-json\/wp\/v2\/types\/page"}],"author":[{"embeddable":true,"href":"https:\/\/babel.isa.uma.es\/jafma\/index.php\/wp-json\/wp\/v2\/users\/1"}],"replies":[{"embeddable":true,"href":"https:\/\/babel.isa.uma.es\/jafma\/index.php\/wp-json\/wp\/v2\/comments?post=166"}],"version-history":[{"count":17,"href":"https:\/\/babel.isa.uma.es\/jafma\/index.php\/wp-json\/wp\/v2\/pages\/166\/revisions"}],"predecessor-version":[{"id":900,"href":"https:\/\/babel.isa.uma.es\/jafma\/index.php\/wp-json\/wp\/v2\/pages\/166\/revisions\/900"}],"up":[{"embeddable":true,"href":"https:\/\/babel.isa.uma.es\/jafma\/index.php\/wp-json\/wp\/v2\/pages\/81"}],"wp:featuredmedia":[{"embeddable":true,"href":"https:\/\/babel.isa.uma.es\/jafma\/index.php\/wp-json\/wp\/v2\/media\/95"}],"wp:attachment":[{"href":"https:\/\/babel.isa.uma.es\/jafma\/index.php\/wp-json\/wp\/v2\/media?parent=166"}],"curies":[{"name":"wp","href":"https:\/\/api.w.org\/{rel}","templated":true}]}}