{"id":116,"date":"2016-03-13T11:27:02","date_gmt":"2016-03-13T11:27:02","guid":{"rendered":"http:\/\/babel.isa.uma.es\/jafma\/?page_id=116"},"modified":"2026-01-12T10:58:26","modified_gmt":"2026-01-12T10:58:26","slug":"horarios-de-tutorias","status":"publish","type":"page","link":"https:\/\/babel.isa.uma.es\/jafma\/index.php\/docencia-teaching\/horarios-de-tutorias\/","title":{"rendered":"Horarios de tutor\u00eda"},"content":{"rendered":"<hr \/>\n<div>\n<p><a href=\"https:\/\/etsit.cv.uma.es\/course\/view.php?id=4331\" target=\"_blank\" rel=\"noopener\"><img decoding=\"async\" class=\"wp-image-829\" src=\"https:\/\/babel.isa.uma.es\/jafma\/wp-content\/uploads\/2021\/11\/office.png\" alt=\"\" width=\"36\" \/> [Despacho virtual]<\/a><\/p>\n<\/div>\n<p>Las tutor\u00edas individualizadas del profesor Juan Antonio Fern\u00e1ndez Madrigal durante el curso <b>2025\/2026<\/b> ser\u00e1n las que se detallan a continuaci\u00f3n. S\u00f3lo estar\u00e1n disponibles en horario lectivo. Por cuestiones organizativas, necesitar\u00e1n reserva de cita previa en el <a href=\"https:\/\/etsit.cv.uma.es\/course\/view.php?id=4331\" target=\"_blank\" rel=\"noopener\">despacho virtual del profesor<\/a> (tanto las presenciales como las virtuales).<\/p>\n<p>Las <strong>presenciales<\/strong> se realizar\u00e1n en el despacho 2.2.29 de las E.T.S.I.Inform\u00e1tica y Telecomunicaci\u00f3n, mientras que las <strong>virtuales<\/strong> se har\u00e1n en el referido despacho virtual.<\/p>\n<ul>\n<li><b>Hasta el comienzo de las clases del primer semestre:<\/b> previa cita.<\/li>\n<li><b>Primer semestre (desde el 09\/09\/25 hasta el 19\/12\/25):<\/b>\n<ul>\n<li>Lunes de 10:30 a 12:30 (<strong>telem\u00e1ticas s\u00edncronas<\/strong>)<\/li>\n<li>Lunes de 15:30 a 17:30 (<strong>presenciales<\/strong>)<\/li>\n<li>Otras 2h en horario libre a trav\u00e9s de correo electr\u00f3nico \/ foros (<strong>telem\u00e1ticas as\u00edncronas<\/strong>).<\/li>\n<\/ul>\n<\/li>\n<li><b>Durante las fechas de ex\u00e1menes ordinarios del primer semestre:<\/b> previa cita.<\/li>\n<li><b>Segundo semestre (desde el 16\/02\/26 al 05\/06\/26):<\/b>\n<ul>\n<li>Mi\u00e9rcoles de 15:30 a 17:30 (<strong>telem\u00e1ticas s\u00edncronas<\/strong>).<\/li>\n<li>Lunes de 10:30 a 12:30 (<strong>presenciales<\/strong>).<\/li>\n<li>Otras 2h en horario libre a trav\u00e9s de correo electr\u00f3nico \/ foros (<strong>telem\u00e1ticas as\u00edncronas<\/strong>).<\/li>\n<\/ul>\n<\/li>\n<li><b>Durante las fechas de ex\u00e1menes ordinarios del segundo semestre:<\/b> previa cita.<\/li>\n<\/ul>\n<p>&nbsp;<\/p>\n<div style=\"color: #886655; border: 1px; border-style: dashed; padding: 8px;\">\n<p><b>NOTAS GENERALES:<\/b><\/p>\n<ul>\n<li>Por normativa (<a href=\"https:\/\/www.uma.es\/servicio-ordenacion-academica\/cms\/menu\/plan-de-ordenacion-docente\/\">P.O.D.<\/a> de la UMA), los profesores universitarios a tiempo completo deben dedicar 6 horas semanales para tutor\u00edas individuales, de las cuales 1\/3 han de ser presenciales, 1\/3 s\u00edncronas (presenciales o telem\u00e1ticas por v\u00eddeoconferencia, chat, etc.) y 1\/3 as\u00edncronas (telem\u00e1ticas por correo electr\u00f3nico, foros, etc.).<\/li>\n<li>Por normativa, no hay tutor\u00edas de ning\u00fan tipo fuera de horario lectivo ni en los festivos.<\/li>\n<li>No se corregir\u00e1n ejercicios durante las tutor\u00edas: s\u00f3lo se resolver\u00e1n dudas concretas; el alumno debe aprender a identificar aquellos puntos en que le surjan dudas en la realizaci\u00f3n de un ejercicio para que el profesor le resuelva esas dudas concretas en tutor\u00eda.<\/li>\n<li>Si el profesor no se encuentra en horario de tutor\u00edas presenciales en su despacho ser\u00e1 exclusivamente por motivos ajenos a su voluntad (reuniones imprevistas, consejos de departamento, enfermedad, etc.). En caso de que no haya podido avisar con antelaci\u00f3n, se ruega a los alumnos interesados que vuelvan en otro momento de los recogidos en esta p\u00e1gina, o que contacten por correo electr\u00f3nico para concertar otra cita.<\/li>\n<\/ul>\n<\/div>\n","protected":false},"excerpt":{"rendered":"<p>[Despacho virtual] Las tutor\u00edas individualizadas del profesor Juan Antonio Fern\u00e1ndez Madrigal durante el curso 2025\/2026 ser\u00e1n las que se detallan a continuaci\u00f3n. S\u00f3lo estar\u00e1n disponibles en horario lectivo. Por cuestiones organizativas, necesitar\u00e1n reserva de cita previa en el despacho virtual del profesor (tanto las presenciales como las virtuales). Las presenciales se realizar\u00e1n en el despacho [&hellip;]<\/p>\n","protected":false},"author":1,"featured_media":95,"parent":81,"menu_order":0,"comment_status":"closed","ping_status":"closed","template":"","meta":{"footnotes":""},"class_list":["post-116","page","type-page","status-publish","has-post-thumbnail","hentry"],"_links":{"self":[{"href":"https:\/\/babel.isa.uma.es\/jafma\/index.php\/wp-json\/wp\/v2\/pages\/116"}],"collection":[{"href":"https:\/\/babel.isa.uma.es\/jafma\/index.php\/wp-json\/wp\/v2\/pages"}],"about":[{"href":"https:\/\/babel.isa.uma.es\/jafma\/index.php\/wp-json\/wp\/v2\/types\/page"}],"author":[{"embeddable":true,"href":"https:\/\/babel.isa.uma.es\/jafma\/index.php\/wp-json\/wp\/v2\/users\/1"}],"replies":[{"embeddable":true,"href":"https:\/\/babel.isa.uma.es\/jafma\/index.php\/wp-json\/wp\/v2\/comments?post=116"}],"version-history":[{"count":73,"href":"https:\/\/babel.isa.uma.es\/jafma\/index.php\/wp-json\/wp\/v2\/pages\/116\/revisions"}],"predecessor-version":[{"id":1268,"href":"https:\/\/babel.isa.uma.es\/jafma\/index.php\/wp-json\/wp\/v2\/pages\/116\/revisions\/1268"}],"up":[{"embeddable":true,"href":"https:\/\/babel.isa.uma.es\/jafma\/index.php\/wp-json\/wp\/v2\/pages\/81"}],"wp:featuredmedia":[{"embeddable":true,"href":"https:\/\/babel.isa.uma.es\/jafma\/index.php\/wp-json\/wp\/v2\/media\/95"}],"wp:attachment":[{"href":"https:\/\/babel.isa.uma.es\/jafma\/index.php\/wp-json\/wp\/v2\/media?parent=116"}],"curies":[{"name":"wp","href":"https:\/\/api.w.org\/{rel}","templated":true}]}}